{"id":3066,"date":"2026-02-01T20:55:40","date_gmt":"2026-02-01T12:55:40","guid":{"rendered":"https:\/\/fabric-supplier.com\/?page_id=3066"},"modified":"2026-02-03T00:24:07","modified_gmt":"2026-02-02T16:24:07","slug":"poliester-parca-bilik-bloqu","status":"publish","type":"page","link":"https:\/\/fabric-supplier.com\/az\/poliester-parca-bilik-bloqu\/","title":{"rendered":"Polyester Par\u00e7a Bilik Bloqu"},"content":{"rendered":"<div data-elementor-type=\"wp-page\" data-elementor-id=\"3066\" class=\"elementor elementor-3066\" data-elementor-post-type=\"page\">\n\t\t\t\t<div class=\"elementor-element elementor-element-4717e7a e-flex e-con-boxed e-con e-parent\" data-id=\"4717e7a\" data-element_type=\"container\" data-e-type=\"container\">\n\t\t\t\t\t<div class=\"e-con-inner\">\n\t\t<div class=\"elementor-element elementor-element-6928349 e-con-full e-flex e-con e-child\" data-id=\"6928349\" data-element_type=\"container\" data-e-type=\"container\">\n\t\t\t\t<div class=\"elementor-element elementor-element-0ae1802 elementor-widget elementor-widget-image\" data-id=\"0ae1802\" data-element_type=\"widget\" data-e-type=\"widget\" data-widget_type=\"image.default\">\n\t\t\t\t\t\t\t\t\t\t\t\t\t\t\t<img fetchpriority=\"high\" decoding=\"async\" width=\"600\" height=\"397\" src=\"https:\/\/fabric-supplier.com\/wp-content\/uploads\/2026\/02\/Polyester-fabric.webp\" class=\"attachment-large size-large wp-image-3069\" alt=\"Polyester par\u00e7a\" srcset=\"https:\/\/fabric-supplier.com\/wp-content\/uploads\/2026\/02\/Polyester-fabric.webp 600w, https:\/\/fabric-supplier.com\/wp-content\/uploads\/2026\/02\/Polyester-fabric-300x199.webp 300w, https:\/\/fabric-supplier.com\/wp-content\/uploads\/2026\/02\/Polyester-fabric-18x12.webp 18w\" sizes=\"(max-width: 600px) 100vw, 600px\" title=\"\">\t\t\t\t\t\t\t\t\t\t\t\t\t\t\t<\/div>\n\t\t\t\t<\/div>\n\t\t<div class=\"elementor-element elementor-element-cd64263 e-con-full e-flex e-con e-child\" data-id=\"cd64263\" data-element_type=\"container\" data-e-type=\"container\">\n\t\t\t\t<div class=\"elementor-element elementor-element-3b45fcd elementor-widget elementor-widget-heading\" data-id=\"3b45fcd\" data-element_type=\"widget\" data-e-type=\"widget\" data-widget_type=\"heading.default\">\n\t\t\t\t\t<h1 class=\"elementor-heading-title elementor-size-default\">Polyester Par\u00e7a Bilik M\u0259rk\u0259zi: Lif \u018fsaslar\u0131ndan Toplu \u0130stehsala<\/h1>\t\t\t\t<\/div>\n\t\t\t\t<div class=\"elementor-element elementor-element-5dfcedd elementor-widget elementor-widget-text-editor\" data-id=\"5dfcedd\" data-element_type=\"widget\" data-e-type=\"widget\" data-widget_type=\"text-editor.default\">\n\t\t\t\t\t\t\t\t\t<p>Polyester par\u00e7a t\u0259lim m\u0259rk\u0259zimiz\u0259 xo\u015f g\u0259lmisiniz. Burada poliester lif v\u0259 iplik n\u00f6vl\u0259rini (DTY\/FDY\/\u0259yilmi\u015f), \u00fcmumi par\u00e7a konstruksiyalar\u0131n\u0131 (toxunmu\u015f v\u0259 \u00f6rg\u00fcl\u00fc), boyama v\u0259 \u00e7ap \u00fcsullar\u0131n\u0131, performans \u00f6rt\u00fckl\u0259rini v\u0259 al\u0131c\u0131lar\u0131n etibar etdiyi keyfiyy\u0259t testl\u0259rini \u0259hat\u0259 ed\u0259n praktik, add\u0131m-add\u0131m m\u0259qal\u0259l\u0259r tapa bil\u0259rsiniz. \u0130st\u0259r yeni bir m\u0259hsul x\u0259tti qurursunuz, ist\u0259rs\u0259 d\u0259 t\u0259krar sifari\u015f ard\u0131c\u0131ll\u0131\u011f\u0131n\u0131 art\u0131r\u0131rs\u0131n\u0131z, bu t\u0259limatlar daha az n\u00fcmun\u0259 g\u00f6t\u00fcrm\u0259 m\u0259rh\u0259l\u0259si v\u0259 daha az bahal\u0131 s\u0259hvl\u0259rl\u0259 d\u00fczg\u00fcn spesifikasiyalar\u0131 se\u00e7m\u0259y\u0259 k\u00f6m\u0259k edir.<\/p>\t\t\t\t\t\t\t\t<\/div>\n\t\t\t\t<div class=\"elementor-element elementor-element-e9990c8 elementor-widget elementor-widget-button\" data-id=\"e9990c8\" data-element_type=\"widget\" data-e-type=\"widget\" data-widget_type=\"button.default\">\n\t\t\t\t\t\t\t\t\t\t<a class=\"elementor-button elementor-button-link elementor-size-sm\" href=\"https:\/\/fabric-supplier.com\/az\/polyester-parca-topdansatis\/\">\n\t\t\t\t\t\t<span class=\"elementor-button-content-wrapper\">\n\t\t\t\t\t\t\t\t\t<span class=\"elementor-button-text\">Polyester Par\u00e7an\u0131 ara\u015fd\u0131r\u0131n<\/span>\n\t\t\t\t\t<\/span>\n\t\t\t\t\t<\/a>\n\t\t\t\t\t\t\t\t<\/div>\n\t\t\t\t<\/div>\n\t\t\t\t\t<\/div>\n\t\t\t\t<\/div>\n\t\t<div class=\"elementor-element elementor-element-17a5ebe e-flex e-con-boxed e-con e-parent\" data-id=\"17a5ebe\" data-element_type=\"container\" data-e-type=\"container\" data-settings=\"{&quot;background_background&quot;:&quot;classic&quot;}\">\n\t\t\t\t\t<div class=\"e-con-inner\">\n\t\t<div class=\"elementor-element elementor-element-8aff828 e-con-full elementor-hidden-desktop e-flex e-con e-child\" data-id=\"8aff828\" data-element_type=\"container\" data-e-type=\"container\">\n\t\t\t\t<div class=\"elementor-element elementor-element-5ccbd21 elementor-widget elementor-widget-image\" data-id=\"5ccbd21\" data-element_type=\"widget\" data-e-type=\"widget\" data-widget_type=\"image.default\">\n\t\t\t\t\t\t\t\t\t\t\t\t\t\t\t\t<a href=\"https:\/\/fabric-supplier.com\/en\/author\/ldxt915gmail-com\/\">\n\t\t\t\t\t\t\t<img decoding=\"async\" width=\"800\" height=\"800\" src=\"https:\/\/fabric-supplier.com\/wp-content\/uploads\/2025\/10\/FabricSupplier-Founder-Helen.png\" class=\"attachment-large size-large wp-image-802\" alt=\"Fabric Supplier-T\u0259sis\u00e7i-Helen\" srcset=\"https:\/\/fabric-supplier.com\/wp-content\/uploads\/2025\/10\/FabricSupplier-Founder-Helen.png 1024w, https:\/\/fabric-supplier.com\/wp-content\/uploads\/2025\/10\/FabricSupplier-Founder-Helen-300x300.png 300w, https:\/\/fabric-supplier.com\/wp-content\/uploads\/2025\/10\/FabricSupplier-Founder-Helen-150x150.png 150w, https:\/\/fabric-supplier.com\/wp-content\/uploads\/2025\/10\/FabricSupplier-Founder-Helen-768x768.png 768w\" sizes=\"(max-width: 800px) 100vw, 800px\" title=\"\">\t\t\t\t\t\t\t\t<\/a>\n\t\t\t\t\t\t\t\t\t\t\t\t\t\t\t<\/div>\n\t\t\t\t<\/div>\n\t\t<div class=\"elementor-element elementor-element-f9915e3 e-con-full e-flex e-con e-child\" data-id=\"f9915e3\" data-element_type=\"container\" data-e-type=\"container\">\n\t\t\t\t<div class=\"elementor-element elementor-element-fbded93 elementor-widget elementor-widget-heading\" data-id=\"fbded93\" data-element_type=\"widget\" data-e-type=\"widget\" data-widget_type=\"heading.default\">\n\t\t\t\t\t<h2 class=\"elementor-heading-title elementor-size-default\"><a href=\"https:\/\/fabric-supplier.com\/en\/author\/ldxt915gmail-com\/\">M\u00fc\u0259llif: Helen<\/a><\/h2>\t\t\t\t<\/div>\n\t\t\t\t<div class=\"elementor-element elementor-element-c2a8c67 elementor-widget elementor-widget-text-editor\" data-id=\"c2a8c67\" data-element_type=\"widget\" data-e-type=\"widget\" data-widget_type=\"text-editor.default\">\n\t\t\t\t\t\t\t\t\t<p>Toxuculuq s\u0259nayesind\u0259 20 ild\u0259n \u00e7ox t\u0259cr\u00fcb\u0259y\u0259 malik olan Helen t\u0259bii v\u0259 qar\u0131\u015f\u0131q par\u00e7alar, o c\u00fcml\u0259d\u0259n pamb\u0131q, polyester-pamb\u0131q, k\u0259tan-pamb\u0131q v\u0259 x\u00fcsusi performans tekstil m\u0259hsullar\u0131 \u00fczr\u0259 ixtisasla\u015f\u0131b.<\/p>\n<p>\u00c7ind\u0259 yerl\u0259\u015f\u0259n onun fabriki Avropa v\u0259 C\u0259nub-\u015e\u0259rqi Asiyada geyim markalar\u0131 v\u0259 ev tekstili istehsal\u00e7\u0131lar\u0131n\u0131 par\u00e7alarla t\u0259min edir. Helen davaml\u0131 t\u0259dar\u00fck v\u0259 ciddi keyfiyy\u0259t s\u0131naqlar\u0131na h\u0259v\u0259slidir \u2013 h\u0259r bir par\u00e7a g\u00f6nd\u0259rilm\u0259zd\u0259n \u0259vv\u0259l ISO v\u0259 OEKO-TEX\u00ae standartlar\u0131 alt\u0131nda yoxlan\u0131l\u0131r.<\/p>\n<p>Yaz\u0131lar\u0131 vasit\u0259sil\u0259 o, iplik se\u00e7imi, toxuculuq s\u0131xl\u0131\u011f\u0131 v\u0259 al\u0131c\u0131lara m\u0259lumatl\u0131 sat\u0131nalma q\u0259rarlar\u0131 verm\u0259y\u0259 k\u00f6m\u0259k ed\u0259n bitirm\u0259 prosedurlar\u0131 il\u0259 ba\u011fl\u0131 praktiki fikirl\u0259ri b\u00f6l\u00fc\u015f\u00fcr.<\/p>\t\t\t\t\t\t\t\t<\/div>\n\t\t\t\t<div class=\"elementor-element elementor-element-0968067 elementor-widget elementor-widget-heading\" data-id=\"0968067\" data-element_type=\"widget\" data-e-type=\"widget\" data-widget_type=\"heading.default\">\n\t\t\t\t\t<h2 class=\"elementor-heading-title elementor-size-default\">Helen Onur:\n<\/h2>\t\t\t\t<\/div>\n\t\t<div class=\"elementor-element elementor-element-aa61834 e-con-full e-flex e-con e-child\" data-id=\"aa61834\" data-element_type=\"container\" data-e-type=\"container\">\n\t\t<div class=\"elementor-element elementor-element-f152365 e-con-full e-flex e-con e-child\" data-id=\"f152365\" data-element_type=\"container\" data-e-type=\"container\">\n\t\t\t\t<div class=\"elementor-element elementor-element-6121c30 elementor-widget elementor-widget-image\" data-id=\"6121c30\" data-element_type=\"widget\" data-e-type=\"widget\" data-widget_type=\"image.default\">\n\t\t\t\t\t\t\t\t\t\t\t\t\t\t\t<img decoding=\"async\" width=\"350\" height=\"350\" src=\"https:\/\/fabric-supplier.com\/wp-content\/uploads\/2025\/11\/gots.webp\" class=\"attachment-large size-large wp-image-1461\" alt=\"var\" srcset=\"https:\/\/fabric-supplier.com\/wp-content\/uploads\/2025\/11\/gots.webp 350w, https:\/\/fabric-supplier.com\/wp-content\/uploads\/2025\/11\/gots-300x300.webp 300w, https:\/\/fabric-supplier.com\/wp-content\/uploads\/2025\/11\/gots-150x150.webp 150w, https:\/\/fabric-supplier.com\/wp-content\/uploads\/2025\/11\/gots-12x12.webp 12w\" sizes=\"(max-width: 350px) 100vw, 350px\" title=\"\">\t\t\t\t\t\t\t\t\t\t\t\t\t\t\t<\/div>\n\t\t\t\t<\/div>\n\t\t<div class=\"elementor-element elementor-element-d95ed4b e-con-full e-flex e-con e-child\" data-id=\"d95ed4b\" data-element_type=\"container\" data-e-type=\"container\">\n\t\t\t\t<div class=\"elementor-element elementor-element-16d2b04 elementor-widget elementor-widget-image\" data-id=\"16d2b04\" data-element_type=\"widget\" data-e-type=\"widget\" data-widget_type=\"image.default\">\n\t\t\t\t\t\t\t\t\t\t\t\t\t\t\t<img loading=\"lazy\" decoding=\"async\" width=\"540\" height=\"540\" src=\"https:\/\/fabric-supplier.com\/wp-content\/uploads\/2025\/11\/Oeko-Tex-approved.webp\" class=\"attachment-large size-large wp-image-1462\" alt=\"Oeko-Tex t\u0259r\u0259find\u0259n t\u0259sdiq edilmi\u015fdir\" srcset=\"https:\/\/fabric-supplier.com\/wp-content\/uploads\/2025\/11\/Oeko-Tex-approved.webp 540w, https:\/\/fabric-supplier.com\/wp-content\/uploads\/2025\/11\/Oeko-Tex-approved-300x300.webp 300w, https:\/\/fabric-supplier.com\/wp-content\/uploads\/2025\/11\/Oeko-Tex-approved-150x150.webp 150w, https:\/\/fabric-supplier.com\/wp-content\/uploads\/2025\/11\/Oeko-Tex-approved-12x12.webp 12w\" sizes=\"(max-width: 540px) 100vw, 540px\" title=\"\">\t\t\t\t\t\t\t\t\t\t\t\t\t\t\t<\/div>\n\t\t\t\t<\/div>\n\t\t<div class=\"elementor-element elementor-element-44a223f e-con-full e-flex e-con e-child\" data-id=\"44a223f\" data-element_type=\"container\" data-e-type=\"container\">\n\t\t\t\t<div class=\"elementor-element elementor-element-d4b6d9b elementor-widget elementor-widget-image\" data-id=\"d4b6d9b\" data-element_type=\"widget\" data-e-type=\"widget\" data-widget_type=\"image.default\">\n\t\t\t\t\t\t\t\t\t\t\t\t\t\t\t<img loading=\"lazy\" decoding=\"async\" width=\"501\" height=\"501\" src=\"https:\/\/fabric-supplier.com\/wp-content\/uploads\/2025\/11\/ISO-9001-2015-LOGO.webp\" class=\"attachment-large size-large wp-image-1463\" alt=\"ISO-9001-2015-LOGO\" srcset=\"https:\/\/fabric-supplier.com\/wp-content\/uploads\/2025\/11\/ISO-9001-2015-LOGO.webp 501w, https:\/\/fabric-supplier.com\/wp-content\/uploads\/2025\/11\/ISO-9001-2015-LOGO-300x300.webp 300w, https:\/\/fabric-supplier.com\/wp-content\/uploads\/2025\/11\/ISO-9001-2015-LOGO-150x150.webp 150w, https:\/\/fabric-supplier.com\/wp-content\/uploads\/2025\/11\/ISO-9001-2015-LOGO-12x12.webp 12w\" sizes=\"(max-width: 501px) 100vw, 501px\" title=\"\">\t\t\t\t\t\t\t\t\t\t\t\t\t\t\t<\/div>\n\t\t\t\t<\/div>\n\t\t\t\t<\/div>\n\t\t\t\t<\/div>\n\t\t<div class=\"elementor-element elementor-element-4c96415 e-con-full elementor-hidden-tablet elementor-hidden-mobile e-flex e-con e-child\" data-id=\"4c96415\" data-element_type=\"container\" data-e-type=\"container\">\n\t\t\t\t<div class=\"elementor-element elementor-element-6e95bf2 elementor-widget elementor-widget-image\" data-id=\"6e95bf2\" data-element_type=\"widget\" data-e-type=\"widget\" data-widget_type=\"image.default\">\n\t\t\t\t\t\t\t\t\t\t\t\t\t\t\t\t<a href=\"https:\/\/fabric-supplier.com\/en\/author\/ldxt915gmail-com\/\">\n\t\t\t\t\t\t\t<img decoding=\"async\" width=\"800\" height=\"800\" src=\"https:\/\/fabric-supplier.com\/wp-content\/uploads\/2025\/10\/FabricSupplier-Founder-Helen.png\" class=\"attachment-large size-large wp-image-802\" alt=\"Fabric Supplier-T\u0259sis\u00e7i-Helen\" srcset=\"https:\/\/fabric-supplier.com\/wp-content\/uploads\/2025\/10\/FabricSupplier-Founder-Helen.png 1024w, https:\/\/fabric-supplier.com\/wp-content\/uploads\/2025\/10\/FabricSupplier-Founder-Helen-300x300.png 300w, https:\/\/fabric-supplier.com\/wp-content\/uploads\/2025\/10\/FabricSupplier-Founder-Helen-150x150.png 150w, https:\/\/fabric-supplier.com\/wp-content\/uploads\/2025\/10\/FabricSupplier-Founder-Helen-768x768.png 768w\" sizes=\"(max-width: 800px) 100vw, 800px\" title=\"\">\t\t\t\t\t\t\t\t<\/a>\n\t\t\t\t\t\t\t\t\t\t\t\t\t\t\t<\/div>\n\t\t\t\t<\/div>\n\t\t\t\t\t<\/div>\n\t\t\t\t<\/div>\n\t\t<div class=\"elementor-element elementor-element-c9888d1 e-flex e-con-boxed e-con e-parent\" data-id=\"c9888d1\" data-element_type=\"container\" data-e-type=\"container\">\n\t\t\t\t\t<div class=\"e-con-inner\">\n\t\t\t\t<div class=\"elementor-element elementor-element-1cf2684 elementor-grid-3 elementor-grid-tablet-2 elementor-grid-mobile-1 elementor-posts--thumbnail-top elementor-widget elementor-widget-posts\" data-id=\"1cf2684\" data-element_type=\"widget\" data-e-type=\"widget\" data-settings=\"{&quot;classic_columns&quot;:&quot;3&quot;,&quot;classic_columns_tablet&quot;:&quot;2&quot;,&quot;classic_columns_mobile&quot;:&quot;1&quot;,&quot;classic_row_gap&quot;:{&quot;unit&quot;:&quot;px&quot;,&quot;size&quot;:35,&quot;sizes&quot;:[]},&quot;classic_row_gap_tablet&quot;:{&quot;unit&quot;:&quot;px&quot;,&quot;size&quot;:&quot;&quot;,&quot;sizes&quot;:[]},&quot;classic_row_gap_mobile&quot;:{&quot;unit&quot;:&quot;px&quot;,&quot;size&quot;:&quot;&quot;,&quot;sizes&quot;:[]}}\" data-widget_type=\"posts.classic\">\n\t\t\t\t<div class=\"elementor-widget-container\">\n\t\t\t\t\t\t\t<div class=\"elementor-posts-container elementor-posts elementor-posts--skin-classic elementor-grid\" role=\"list\">\n\t\t\t\t<article class=\"elementor-post elementor-grid-item post-2575 post type-post status-publish format-standard has-post-thumbnail hentry category-polyester-knowledge\" role=\"listitem\">\n\t\t\t\t<a class=\"elementor-post__thumbnail__link\" href=\"https:\/\/fabric-supplier.com\/az\/polyester-parca-yoxlamasi\/\" tabindex=\"-1\" >\n\t\t\t<div class=\"elementor-post__thumbnail\"><img loading=\"lazy\" decoding=\"async\" width=\"1024\" height=\"950\" src=\"https:\/\/fabric-supplier.com\/wp-content\/uploads\/2026\/01\/Polyester-fabric-inspection-Four-point-inspection-system-Common-defects-in-polyester-fabrics-e1767534754595.webp\" class=\"attachment-full size-full wp-image-2640\" alt=\"Polyester par\u00e7a yoxlamas\u0131 - D\u00f6rd n\u00f6qt\u0259li yoxlama sistemi + Polyester par\u00e7alarda \u00fcmumi q\u00fcsurlar\" title=\"\" srcset=\"https:\/\/fabric-supplier.com\/wp-content\/uploads\/2026\/01\/Polyester-fabric-inspection-Four-point-inspection-system-Common-defects-in-polyester-fabrics-e1767534754595.webp 1024w, https:\/\/fabric-supplier.com\/wp-content\/uploads\/2026\/01\/Polyester-fabric-inspection-Four-point-inspection-system-Common-defects-in-polyester-fabrics-e1767534754595-300x278.webp 300w, https:\/\/fabric-supplier.com\/wp-content\/uploads\/2026\/01\/Polyester-fabric-inspection-Four-point-inspection-system-Common-defects-in-polyester-fabrics-e1767534754595-768x713.webp 768w, https:\/\/fabric-supplier.com\/wp-content\/uploads\/2026\/01\/Polyester-fabric-inspection-Four-point-inspection-system-Common-defects-in-polyester-fabrics-e1767534754595-13x12.webp 13w\" sizes=\"(max-width: 1024px) 100vw, 1024px\" \/><\/div>\n\t\t<\/a>\n\t\t\t\t<div class=\"elementor-post__text\">\n\t\t\t\t<h3 class=\"elementor-post__title\">\n\t\t\t<a href=\"https:\/\/fabric-supplier.com\/az\/polyester-parca-yoxlamasi\/\" >\n\t\t\t\tPolyester par\u00e7a yoxlamas\u0131: D\u00f6rd n\u00f6qt\u0259li yoxlama sistemi + Polyester par\u00e7alarda \u00fcmumi q\u00fcsurlar\t\t\t<\/a>\n\t\t<\/h3>\n\t\t\t\t<div class=\"elementor-post__meta-data\">\n\t\t\t\t\t<span class=\"elementor-post-date\">\n\t\t\t2026-02-02\t\t<\/span>\n\t\t\t\t<\/div>\n\t\t\t\t<div class=\"elementor-post__excerpt\">\n\t\t\t<p>Zavod b\u0259l\u0259d\u00e7imizl\u0259 polyester par\u00e7a yoxlamas\u0131n\u0131 ustal\u0131qla h\u0259yata ke\u00e7irin. Biz sizin sifari\u015finiz \u00fc\u00e7\u00fcn D\u00f6rd N\u00f6qt\u0259li Sistemi, \u00fcmumi q\u00fcsurlar\u0131 v\u0259 Keyfiyy\u0259t\u0259 N\u0259zar\u0259t yoxlama siyah\u0131s\u0131n\u0131 \u0259hat\u0259 edirik.<\/p>\n\t\t<\/div>\n\t\t\t\t\t<div class=\"elementor-post__read-more-wrapper\">\n\t\t\n\t\t<a class=\"elementor-post__read-more\" href=\"https:\/\/fabric-supplier.com\/az\/polyester-parca-yoxlamasi\/\" aria-label=\"Polyester par\u00e7a yoxlamas\u0131 haqq\u0131nda daha \u00e7ox oxuyun: D\u00f6rd n\u00f6qt\u0259li yoxlama sistemi + Polyester par\u00e7alarda \u00fcmumi q\u00fcsurlar\" tabindex=\"-1\" >\n\t\t\t\u018ftrafl\u0131 oxu \u00bb\t\t<\/a>\n\n\t\t\t\t\t<\/div>\n\t\t\t\t<\/div>\n\t\t\t\t<\/article>\n\t\t\t\t<article class=\"elementor-post elementor-grid-item post-2522 post type-post status-publish format-standard has-post-thumbnail hentry category-polyester-knowledge\" role=\"listitem\">\n\t\t\t\t<a class=\"elementor-post__thumbnail__link\" href=\"https:\/\/fabric-supplier.com\/az\/neylon-v%c9%99-polyester\/\" tabindex=\"-1\" >\n\t\t\t<div class=\"elementor-post__thumbnail\"><img loading=\"lazy\" decoding=\"async\" width=\"894\" height=\"870\" src=\"https:\/\/fabric-supplier.com\/wp-content\/uploads\/2026\/01\/Nylon-Fabric-vs-Polyester-Fabric-e1767362388888.webp\" class=\"attachment-full size-full wp-image-2563\" alt=\"Neylon Par\u00e7a v\u0259 Polyester Par\u00e7a\" title=\"\" srcset=\"https:\/\/fabric-supplier.com\/wp-content\/uploads\/2026\/01\/Nylon-Fabric-vs-Polyester-Fabric-e1767362388888.webp 894w, https:\/\/fabric-supplier.com\/wp-content\/uploads\/2026\/01\/Nylon-Fabric-vs-Polyester-Fabric-e1767362388888-300x292.webp 300w, https:\/\/fabric-supplier.com\/wp-content\/uploads\/2026\/01\/Nylon-Fabric-vs-Polyester-Fabric-e1767362388888-768x747.webp 768w, https:\/\/fabric-supplier.com\/wp-content\/uploads\/2026\/01\/Nylon-Fabric-vs-Polyester-Fabric-e1767362388888-12x12.webp 12w\" sizes=\"(max-width: 894px) 100vw, 894px\" \/><\/div>\n\t\t<\/a>\n\t\t\t\t<div class=\"elementor-post__text\">\n\t\t\t\t<h3 class=\"elementor-post__title\">\n\t\t\t<a href=\"https:\/\/fabric-supplier.com\/az\/neylon-v%c9%99-polyester\/\" >\n\t\t\t\tNeylon v\u0259 Polyester Par\u00e7a: X\u00fcsusiyy\u0259tl\u0259r, Performans Zavodu T\u0259limat\u0131\t\t\t<\/a>\n\t\t<\/h3>\n\t\t\t\t<div class=\"elementor-post__meta-data\">\n\t\t\t\t\t<span class=\"elementor-post-date\">\n\t\t\t2026-02-02\t\t<\/span>\n\t\t\t\t<\/div>\n\t\t\t\t<div class=\"elementor-post__excerpt\">\n\t\t\t<p>Neylon v\u0259 ya poliester: Hans\u0131 daha yax\u015f\u0131d\u0131r? 20 illik fabrik b\u0259l\u0259d\u00e7imiz davaml\u0131l\u0131\u011f\u0131, n\u0259f\u0259s alma qabiliyy\u0259tini, dayaqlar\u0131n\u0131 v\u0259 qiym\u0259tini m\u00fcqayis\u0259 edir.<\/p>\n\t\t<\/div>\n\t\t\t\t\t<div class=\"elementor-post__read-more-wrapper\">\n\t\t\n\t\t<a class=\"elementor-post__read-more\" href=\"https:\/\/fabric-supplier.com\/az\/neylon-v%c9%99-polyester\/\" aria-label=\"Neylon v\u0259 Polyester Par\u00e7a haqq\u0131nda daha \u00e7ox oxuyun: X\u00fcsusiyy\u0259tl\u0259r, Performans Zavodu T\u0259limat\u0131\" tabindex=\"-1\" >\n\t\t\t\u018ftrafl\u0131 oxu \u00bb\t\t<\/a>\n\n\t\t\t\t\t<\/div>\n\t\t\t\t<\/div>\n\t\t\t\t<\/article>\n\t\t\t\t<article class=\"elementor-post elementor-grid-item post-2395 post type-post status-publish format-standard has-post-thumbnail hentry category-polyester-knowledge\" role=\"listitem\">\n\t\t\t\t<a class=\"elementor-post__thumbnail__link\" href=\"https:\/\/fabric-supplier.com\/az\/polyester-parca-n%c9%99dir\/\" tabindex=\"-1\" >\n\t\t\t<div class=\"elementor-post__thumbnail\"><img loading=\"lazy\" decoding=\"async\" width=\"966\" height=\"960\" src=\"https:\/\/fabric-supplier.com\/wp-content\/uploads\/2025\/12\/A-piece-of-blue-polyester-fabric-was-placed-on-the-table-e1766899097504.webp\" class=\"attachment-full size-full wp-image-2415\" alt=\"Masan\u0131n \u00fcst\u00fcn\u0259 mavi poliester par\u00e7a qoyulmu\u015fdu\" title=\"\" srcset=\"https:\/\/fabric-supplier.com\/wp-content\/uploads\/2025\/12\/A-piece-of-blue-polyester-fabric-was-placed-on-the-table-e1766899097504.webp 966w, https:\/\/fabric-supplier.com\/wp-content\/uploads\/2025\/12\/A-piece-of-blue-polyester-fabric-was-placed-on-the-table-e1766899097504-300x298.webp 300w, https:\/\/fabric-supplier.com\/wp-content\/uploads\/2025\/12\/A-piece-of-blue-polyester-fabric-was-placed-on-the-table-e1766899097504-150x150.webp 150w, https:\/\/fabric-supplier.com\/wp-content\/uploads\/2025\/12\/A-piece-of-blue-polyester-fabric-was-placed-on-the-table-e1766899097504-768x763.webp 768w, https:\/\/fabric-supplier.com\/wp-content\/uploads\/2025\/12\/A-piece-of-blue-polyester-fabric-was-placed-on-the-table-e1766899097504-12x12.webp 12w\" sizes=\"(max-width: 966px) 100vw, 966px\" \/><\/div>\n\t\t<\/a>\n\t\t\t\t<div class=\"elementor-post__text\">\n\t\t\t\t<h3 class=\"elementor-post__title\">\n\t\t\t<a href=\"https:\/\/fabric-supplier.com\/az\/polyester-parca-n%c9%99dir\/\" >\n\t\t\t\tPolyester Par\u00e7a N\u0259dir? X\u00fcsusiyy\u0259tl\u0259r, Testl\u0259r v\u0259 Sat\u0131nalma Qaydalar\u0131 \u00fczr\u0259 Zavod T\u0259limat\u0131\t\t\t<\/a>\n\t\t<\/h3>\n\t\t\t\t<div class=\"elementor-post__meta-data\">\n\t\t\t\t\t<span class=\"elementor-post-date\">\n\t\t\t2026-02-02\t\t<\/span>\n\t\t\t\t<\/div>\n\t\t\t\t<div class=\"elementor-post__excerpt\">\n\t\t\t<p>Polyester par\u00e7a n\u0259dir? 20 illik fabrik b\u0259l\u0259d\u00e7imiz t\u0259rkibi m\u00fc\u0259yy\u0259nl\u0259\u015fdirir, onu pamb\u0131qla m\u00fcqayis\u0259 edir, \u0259sas spesifikasiyalar\u0131 (GSM, DTY\/FDY) v\u0259 s\u0131naq standartlar\u0131n\u0131 (AATCC) \u0259trafl\u0131 \u015f\u0259kild\u0259 izah edir.<\/p>\n\t\t<\/div>\n\t\t\t\t\t<div class=\"elementor-post__read-more-wrapper\">\n\t\t\n\t\t<a class=\"elementor-post__read-more\" href=\"https:\/\/fabric-supplier.com\/az\/polyester-parca-n%c9%99dir\/\" aria-label=\"Poliester Par\u00e7a N\u0259dir? X\u00fcsusiyy\u0259tl\u0259r, Testl\u0259r v\u0259 Sat\u0131nalma Qaydalar\u0131 \u00fczr\u0259 Zavod T\u0259limat\u0131 haqq\u0131nda daha \u00e7ox oxuyun\" tabindex=\"-1\" >\n\t\t\t\u018ftrafl\u0131 oxu \u00bb\t\t<\/a>\n\n\t\t\t\t\t<\/div>\n\t\t\t\t<\/div>\n\t\t\t\t<\/article>\n\t\t\t\t<article class=\"elementor-post elementor-grid-item post-2252 post type-post status-publish format-standard has-post-thumbnail hentry category-cotton-knowledge category-polyester-knowledge\" role=\"listitem\">\n\t\t\t\t<a class=\"elementor-post__thumbnail__link\" href=\"https:\/\/fabric-supplier.com\/az\/pambiq-poplin-vs-polyester-poplin-vs-strec-poplin\/\" tabindex=\"-1\" >\n\t\t\t<div class=\"elementor-post__thumbnail\"><img loading=\"lazy\" decoding=\"async\" width=\"1024\" height=\"894\" src=\"https:\/\/fabric-supplier.com\/wp-content\/uploads\/2025\/12\/Cotton-Poplin-vs-Polyester-Poplin-vs-Stretch-Poplin-1-e1766071620574.webp\" class=\"attachment-full size-full wp-image-2292\" alt=\"Pamb\u0131q Poplin v\u0259 Polyester Poplin v\u0259 Stretch Poplin.\" title=\"\" srcset=\"https:\/\/fabric-supplier.com\/wp-content\/uploads\/2025\/12\/Cotton-Poplin-vs-Polyester-Poplin-vs-Stretch-Poplin-1-e1766071620574.webp 1024w, https:\/\/fabric-supplier.com\/wp-content\/uploads\/2025\/12\/Cotton-Poplin-vs-Polyester-Poplin-vs-Stretch-Poplin-1-e1766071620574-300x262.webp 300w, https:\/\/fabric-supplier.com\/wp-content\/uploads\/2025\/12\/Cotton-Poplin-vs-Polyester-Poplin-vs-Stretch-Poplin-1-e1766071620574-768x671.webp 768w, https:\/\/fabric-supplier.com\/wp-content\/uploads\/2025\/12\/Cotton-Poplin-vs-Polyester-Poplin-vs-Stretch-Poplin-1-e1766071620574-14x12.webp 14w\" sizes=\"(max-width: 1024px) 100vw, 1024px\" \/><\/div>\n\t\t<\/a>\n\t\t\t\t<div class=\"elementor-post__text\">\n\t\t\t\t<h3 class=\"elementor-post__title\">\n\t\t\t<a href=\"https:\/\/fabric-supplier.com\/az\/pambiq-poplin-vs-polyester-poplin-vs-strec-poplin\/\" >\n\t\t\t\tPamb\u0131q Poplin vs Polyester Poplin vs Stretch Poplin: Hans\u0131n\u0131 Se\u00e7m\u0259li?\t\t\t<\/a>\n\t\t<\/h3>\n\t\t\t\t<div class=\"elementor-post__meta-data\">\n\t\t\t\t\t<span class=\"elementor-post-date\">\n\t\t\t2026-02-02\t\t<\/span>\n\t\t\t\t<\/div>\n\t\t\t\t<div class=\"elementor-post__excerpt\">\n\t\t\t<p>Pamb\u0131q poplin v\u0259 polyester poplin v\u0259 dart\u0131lan poplini m\u00fcqayis\u0259 edin? D\u00fczg\u00fcn k\u00f6yn\u0259k par\u00e7as\u0131n\u0131 tapma\u011f\u0131n\u0131za k\u00f6m\u0259k etm\u0259k \u00fc\u00e7\u00fcn fabrik t\u0259limat\u0131m\u0131z, qiym\u0259ti, b\u00fcz\u00fclm\u0259si v\u0259 b\u0259rpas\u0131.<\/p>\n\t\t<\/div>\n\t\t\t\t\t<div class=\"elementor-post__read-more-wrapper\">\n\t\t\n\t\t<a class=\"elementor-post__read-more\" href=\"https:\/\/fabric-supplier.com\/az\/pambiq-poplin-vs-polyester-poplin-vs-strec-poplin\/\" aria-label=\"Pamb\u0131q Poplin v\u0259 Polyester Poplin v\u0259 Stretch Poplin haqq\u0131nda daha \u00e7ox oxuyun: Hans\u0131n\u0131 se\u00e7m\u0259k laz\u0131md\u0131r?\" tabindex=\"-1\" >\n\t\t\t\u018ftrafl\u0131 oxu \u00bb\t\t<\/a>\n\n\t\t\t\t\t<\/div>\n\t\t\t\t<\/div>\n\t\t\t\t<\/article>\n\t\t\t\t<\/div>\n\t\t\n\t\t\t\t\t\t<\/div>\n\t\t\t\t<\/div>\n\t\t\t\t\t<\/div>\n\t\t\t\t<\/div>\n\t\t\t\t<\/div>","protected":false},"excerpt":{"rendered":"<p>Polyester par\u00e7a \u0259saslar\u0131n\u0131, iplik n\u00f6vl\u0259rini, konstruksiyalar\u0131n\u0131, bitirm\u0259 i\u015fl\u0259rini, keyfiyy\u0259t testl\u0259rini v\u0259 t\u0259dar\u00fck t\u00f6vsiy\u0259l\u0259rini \u00f6yr\u0259nin. Al\u0131c\u0131lar v\u0259 istehsal\u00e7\u0131lar \u00fc\u00e7\u00fcn praktik t\u0259limatlar.<\/p>","protected":false},"author":1,"featured_media":3069,"parent":0,"menu_order":0,"comment_status":"closed","ping_status":"closed","template":"","meta":{"footnotes":""},"class_list":["post-3066","page","type-page","status-publish","has-post-thumbnail","hentry"],"_links":{"self":[{"href":"https:\/\/fabric-supplier.com\/az\/wp-json\/wp\/v2\/pages\/3066","targetHints":{"allow":["GET"]}}],"collection":[{"href":"https:\/\/fabric-supplier.com\/az\/wp-json\/wp\/v2\/pages"}],"about":[{"href":"https:\/\/fabric-supplier.com\/az\/wp-json\/wp\/v2\/types\/page"}],"author":[{"embeddable":true,"href":"https:\/\/fabric-supplier.com\/az\/wp-json\/wp\/v2\/users\/1"}],"replies":[{"embeddable":true,"href":"https:\/\/fabric-supplier.com\/az\/wp-json\/wp\/v2\/comments?post=3066"}],"version-history":[{"count":1,"href":"https:\/\/fabric-supplier.com\/az\/wp-json\/wp\/v2\/pages\/3066\/revisions"}],"predecessor-version":[{"id":3195,"href":"https:\/\/fabric-supplier.com\/az\/wp-json\/wp\/v2\/pages\/3066\/revisions\/3195"}],"wp:featuredmedia":[{"embeddable":true,"href":"https:\/\/fabric-supplier.com\/az\/wp-json\/wp\/v2\/media\/3069"}],"wp:attachment":[{"href":"https:\/\/fabric-supplier.com\/az\/wp-json\/wp\/v2\/media?parent=3066"}],"curies":[{"name":"wp","href":"https:\/\/api.w.org\/{rel}","templated":true}]}}