{"id":3066,"date":"2026-02-01T20:55:40","date_gmt":"2026-02-01T12:55:40","guid":{"rendered":"https:\/\/fabric-supplier.com\/?page_id=3066"},"modified":"2026-02-03T00:24:07","modified_gmt":"2026-02-02T16:24:07","slug":"blog-mit-wissen-uber-polyestergewebe","status":"publish","type":"page","link":"https:\/\/fabric-supplier.com\/de\/blog-mit-wissen-uber-polyestergewebe\/","title":{"rendered":"Blog mit Wissen \u00fcber Polyestergewebe"},"content":{"rendered":"<div data-elementor-type=\"wp-page\" data-elementor-id=\"3066\" class=\"elementor elementor-3066\" data-elementor-post-type=\"page\">\n\t\t\t\t<div class=\"elementor-element elementor-element-4717e7a e-flex e-con-boxed e-con e-parent\" data-id=\"4717e7a\" data-element_type=\"container\" data-e-type=\"container\">\n\t\t\t\t\t<div class=\"e-con-inner\">\n\t\t<div class=\"elementor-element elementor-element-6928349 e-con-full e-flex e-con e-child\" data-id=\"6928349\" data-element_type=\"container\" data-e-type=\"container\">\n\t\t\t\t<div class=\"elementor-element elementor-element-0ae1802 elementor-widget elementor-widget-image\" data-id=\"0ae1802\" data-element_type=\"widget\" data-e-type=\"widget\" data-widget_type=\"image.default\">\n\t\t\t\t\t\t\t\t\t\t\t\t\t\t\t<img fetchpriority=\"high\" decoding=\"async\" width=\"600\" height=\"397\" src=\"https:\/\/fabric-supplier.com\/wp-content\/uploads\/2026\/02\/Polyester-fabric.webp\" class=\"attachment-large size-large wp-image-3069\" alt=\"Polyestergewebe\" srcset=\"https:\/\/fabric-supplier.com\/wp-content\/uploads\/2026\/02\/Polyester-fabric.webp 600w, https:\/\/fabric-supplier.com\/wp-content\/uploads\/2026\/02\/Polyester-fabric-300x199.webp 300w, https:\/\/fabric-supplier.com\/wp-content\/uploads\/2026\/02\/Polyester-fabric-18x12.webp 18w\" sizes=\"(max-width: 600px) 100vw, 600px\" title=\"\">\t\t\t\t\t\t\t\t\t\t\t\t\t\t\t<\/div>\n\t\t\t\t<\/div>\n\t\t<div class=\"elementor-element elementor-element-cd64263 e-con-full e-flex e-con e-child\" data-id=\"cd64263\" data-element_type=\"container\" data-e-type=\"container\">\n\t\t\t\t<div class=\"elementor-element elementor-element-3b45fcd elementor-widget elementor-widget-heading\" data-id=\"3b45fcd\" data-element_type=\"widget\" data-e-type=\"widget\" data-widget_type=\"heading.default\">\n\t\t\t\t\t<h1 class=\"elementor-heading-title elementor-size-default\">Das Wissenszentrum f\u00fcr Polyestergewebe: Von den Grundlagen der Faser bis zur Massenproduktion<\/h1>\t\t\t\t<\/div>\n\t\t\t\t<div class=\"elementor-element elementor-element-5dfcedd elementor-widget elementor-widget-text-editor\" data-id=\"5dfcedd\" data-element_type=\"widget\" data-e-type=\"widget\" data-widget_type=\"text-editor.default\">\n\t\t\t\t\t\t\t\t\t<p>Willkommen in unserem Lernzentrum f\u00fcr Polyestergewebe. Hier finden Sie praxisnahe Anleitungen zu Polyesterfasern und -garnen (DTY\/FDY\/Spinnweberei), g\u00e4ngigen Gewebekonstruktionen (gewebt und gestrickt), F\u00e4rbe- und Druckverfahren, Funktionsveredelungen und den wichtigsten Qualit\u00e4tspr\u00fcfungen f\u00fcr Eink\u00e4ufer. Ob Sie eine neue Produktlinie aufbauen oder die Konsistenz Ihrer Folgeauftr\u00e4ge verbessern m\u00f6chten \u2013 diese Leitf\u00e4den helfen Ihnen, die richtigen Spezifikationen mit weniger Musterdurchg\u00e4ngen und weniger kostspieligen Fehlern zu ermitteln.<\/p>\t\t\t\t\t\t\t\t<\/div>\n\t\t\t\t<div class=\"elementor-element elementor-element-e9990c8 elementor-widget elementor-widget-button\" data-id=\"e9990c8\" data-element_type=\"widget\" data-e-type=\"widget\" data-widget_type=\"button.default\">\n\t\t\t\t\t\t\t\t\t\t<a class=\"elementor-button elementor-button-link elementor-size-sm\" href=\"https:\/\/fabric-supplier.com\/de\/polyestergewebe-im-groshandel\/\">\n\t\t\t\t\t\t<span class=\"elementor-button-content-wrapper\">\n\t\t\t\t\t\t\t\t\t<span class=\"elementor-button-text\">Entdecken Sie Polyestergewebe<\/span>\n\t\t\t\t\t<\/span>\n\t\t\t\t\t<\/a>\n\t\t\t\t\t\t\t\t<\/div>\n\t\t\t\t<\/div>\n\t\t\t\t\t<\/div>\n\t\t\t\t<\/div>\n\t\t<div class=\"elementor-element elementor-element-17a5ebe e-flex e-con-boxed e-con e-parent\" data-id=\"17a5ebe\" data-element_type=\"container\" data-e-type=\"container\" data-settings=\"{&quot;background_background&quot;:&quot;classic&quot;}\">\n\t\t\t\t\t<div class=\"e-con-inner\">\n\t\t<div class=\"elementor-element elementor-element-8aff828 e-con-full elementor-hidden-desktop e-flex e-con e-child\" data-id=\"8aff828\" data-element_type=\"container\" data-e-type=\"container\">\n\t\t\t\t<div class=\"elementor-element elementor-element-5ccbd21 elementor-widget elementor-widget-image\" data-id=\"5ccbd21\" data-element_type=\"widget\" data-e-type=\"widget\" data-widget_type=\"image.default\">\n\t\t\t\t\t\t\t\t\t\t\t\t\t\t\t\t<a href=\"https:\/\/fabric-supplier.com\/en\/author\/ldxt915gmail-com\/\">\n\t\t\t\t\t\t\t<img decoding=\"async\" width=\"800\" height=\"800\" src=\"https:\/\/fabric-supplier.com\/wp-content\/uploads\/2025\/10\/FabricSupplier-Founder-Helen.png\" class=\"attachment-large size-large wp-image-802\" alt=\"FabricSupplier-Gr\u00fcnderin-Helen\" srcset=\"https:\/\/fabric-supplier.com\/wp-content\/uploads\/2025\/10\/FabricSupplier-Founder-Helen.png 1024w, https:\/\/fabric-supplier.com\/wp-content\/uploads\/2025\/10\/FabricSupplier-Founder-Helen-300x300.png 300w, https:\/\/fabric-supplier.com\/wp-content\/uploads\/2025\/10\/FabricSupplier-Founder-Helen-150x150.png 150w, https:\/\/fabric-supplier.com\/wp-content\/uploads\/2025\/10\/FabricSupplier-Founder-Helen-768x768.png 768w\" sizes=\"(max-width: 800px) 100vw, 800px\" title=\"\">\t\t\t\t\t\t\t\t<\/a>\n\t\t\t\t\t\t\t\t\t\t\t\t\t\t\t<\/div>\n\t\t\t\t<\/div>\n\t\t<div class=\"elementor-element elementor-element-f9915e3 e-con-full e-flex e-con e-child\" data-id=\"f9915e3\" data-element_type=\"container\" data-e-type=\"container\">\n\t\t\t\t<div class=\"elementor-element elementor-element-fbded93 elementor-widget elementor-widget-heading\" data-id=\"fbded93\" data-element_type=\"widget\" data-e-type=\"widget\" data-widget_type=\"heading.default\">\n\t\t\t\t\t<h2 class=\"elementor-heading-title elementor-size-default\"><a href=\"https:\/\/fabric-supplier.com\/en\/author\/ldxt915gmail-com\/\">Autorin: Helen<\/a><\/h2>\t\t\t\t<\/div>\n\t\t\t\t<div class=\"elementor-element elementor-element-c2a8c67 elementor-widget elementor-widget-text-editor\" data-id=\"c2a8c67\" data-element_type=\"widget\" data-e-type=\"widget\" data-widget_type=\"text-editor.default\">\n\t\t\t\t\t\t\t\t\t<p>Mit \u00fcber 20 Jahren Erfahrung in der Textilindustrie ist Helen auf Natur- und Mischgewebe spezialisiert, darunter Baumwolle, Polyester-Baumwolle, Leinen-Baumwolle und spezielle Funktionstextilien.<\/p>\n<p>Seine Fabrik in China beliefert Bekleidungsmarken und Heimtextilienhersteller in ganz Europa und S\u00fcdostasien mit Stoffen. Helen legt gro\u00dfen Wert auf nachhaltige Beschaffung und strenge Qualit\u00e4tspr\u00fcfungen \u2013 jeder Stoff wird vor dem Versand nach ISO- und OEKO-TEX\u00ae-Standards gepr\u00fcft.<\/p>\n<p>In seinen Schriften vermittelt er praktische Erkenntnisse zur Garnauswahl, Webdichte und Endbehandlung, die K\u00e4ufern dabei helfen, fundierte Beschaffungsentscheidungen zu treffen.<\/p>\t\t\t\t\t\t\t\t<\/div>\n\t\t\t\t<div class=\"elementor-element elementor-element-0968067 elementor-widget elementor-widget-heading\" data-id=\"0968067\" data-element_type=\"widget\" data-e-type=\"widget\" data-widget_type=\"heading.default\">\n\t\t\t\t\t<h2 class=\"elementor-heading-title elementor-size-default\">Helen Honor:\n<\/h2>\t\t\t\t<\/div>\n\t\t<div class=\"elementor-element elementor-element-aa61834 e-con-full e-flex e-con e-child\" data-id=\"aa61834\" data-element_type=\"container\" data-e-type=\"container\">\n\t\t<div class=\"elementor-element elementor-element-f152365 e-con-full e-flex e-con e-child\" data-id=\"f152365\" data-element_type=\"container\" data-e-type=\"container\">\n\t\t\t\t<div class=\"elementor-element elementor-element-6121c30 elementor-widget elementor-widget-image\" data-id=\"6121c30\" data-element_type=\"widget\" data-e-type=\"widget\" data-widget_type=\"image.default\">\n\t\t\t\t\t\t\t\t\t\t\t\t\t\t\t<img decoding=\"async\" width=\"350\" height=\"350\" src=\"https:\/\/fabric-supplier.com\/wp-content\/uploads\/2025\/11\/gots.webp\" class=\"attachment-large size-large wp-image-1461\" alt=\"gots\" srcset=\"https:\/\/fabric-supplier.com\/wp-content\/uploads\/2025\/11\/gots.webp 350w, https:\/\/fabric-supplier.com\/wp-content\/uploads\/2025\/11\/gots-300x300.webp 300w, https:\/\/fabric-supplier.com\/wp-content\/uploads\/2025\/11\/gots-150x150.webp 150w, https:\/\/fabric-supplier.com\/wp-content\/uploads\/2025\/11\/gots-12x12.webp 12w\" sizes=\"(max-width: 350px) 100vw, 350px\" title=\"\">\t\t\t\t\t\t\t\t\t\t\t\t\t\t\t<\/div>\n\t\t\t\t<\/div>\n\t\t<div class=\"elementor-element elementor-element-d95ed4b e-con-full e-flex e-con e-child\" data-id=\"d95ed4b\" data-element_type=\"container\" data-e-type=\"container\">\n\t\t\t\t<div class=\"elementor-element elementor-element-16d2b04 elementor-widget elementor-widget-image\" data-id=\"16d2b04\" data-element_type=\"widget\" data-e-type=\"widget\" data-widget_type=\"image.default\">\n\t\t\t\t\t\t\t\t\t\t\t\t\t\t\t<img loading=\"lazy\" decoding=\"async\" width=\"540\" height=\"540\" src=\"https:\/\/fabric-supplier.com\/wp-content\/uploads\/2025\/11\/Oeko-Tex-approved.webp\" class=\"attachment-large size-large wp-image-1462\" alt=\"\u00d6ko-Tex-zertifiziert\" srcset=\"https:\/\/fabric-supplier.com\/wp-content\/uploads\/2025\/11\/Oeko-Tex-approved.webp 540w, https:\/\/fabric-supplier.com\/wp-content\/uploads\/2025\/11\/Oeko-Tex-approved-300x300.webp 300w, https:\/\/fabric-supplier.com\/wp-content\/uploads\/2025\/11\/Oeko-Tex-approved-150x150.webp 150w, https:\/\/fabric-supplier.com\/wp-content\/uploads\/2025\/11\/Oeko-Tex-approved-12x12.webp 12w\" sizes=\"(max-width: 540px) 100vw, 540px\" title=\"\">\t\t\t\t\t\t\t\t\t\t\t\t\t\t\t<\/div>\n\t\t\t\t<\/div>\n\t\t<div class=\"elementor-element elementor-element-44a223f e-con-full e-flex e-con e-child\" data-id=\"44a223f\" data-element_type=\"container\" data-e-type=\"container\">\n\t\t\t\t<div class=\"elementor-element elementor-element-d4b6d9b elementor-widget elementor-widget-image\" data-id=\"d4b6d9b\" data-element_type=\"widget\" data-e-type=\"widget\" data-widget_type=\"image.default\">\n\t\t\t\t\t\t\t\t\t\t\t\t\t\t\t<img loading=\"lazy\" decoding=\"async\" width=\"501\" height=\"501\" src=\"https:\/\/fabric-supplier.com\/wp-content\/uploads\/2025\/11\/ISO-9001-2015-LOGO.webp\" class=\"attachment-large size-large wp-image-1463\" alt=\"ISO-9001-2015-LOGO\" srcset=\"https:\/\/fabric-supplier.com\/wp-content\/uploads\/2025\/11\/ISO-9001-2015-LOGO.webp 501w, https:\/\/fabric-supplier.com\/wp-content\/uploads\/2025\/11\/ISO-9001-2015-LOGO-300x300.webp 300w, https:\/\/fabric-supplier.com\/wp-content\/uploads\/2025\/11\/ISO-9001-2015-LOGO-150x150.webp 150w, https:\/\/fabric-supplier.com\/wp-content\/uploads\/2025\/11\/ISO-9001-2015-LOGO-12x12.webp 12w\" sizes=\"(max-width: 501px) 100vw, 501px\" title=\"\">\t\t\t\t\t\t\t\t\t\t\t\t\t\t\t<\/div>\n\t\t\t\t<\/div>\n\t\t\t\t<\/div>\n\t\t\t\t<\/div>\n\t\t<div class=\"elementor-element elementor-element-4c96415 e-con-full elementor-hidden-tablet elementor-hidden-mobile e-flex e-con e-child\" data-id=\"4c96415\" data-element_type=\"container\" data-e-type=\"container\">\n\t\t\t\t<div class=\"elementor-element elementor-element-6e95bf2 elementor-widget elementor-widget-image\" data-id=\"6e95bf2\" data-element_type=\"widget\" data-e-type=\"widget\" data-widget_type=\"image.default\">\n\t\t\t\t\t\t\t\t\t\t\t\t\t\t\t\t<a href=\"https:\/\/fabric-supplier.com\/en\/author\/ldxt915gmail-com\/\">\n\t\t\t\t\t\t\t<img decoding=\"async\" width=\"800\" height=\"800\" src=\"https:\/\/fabric-supplier.com\/wp-content\/uploads\/2025\/10\/FabricSupplier-Founder-Helen.png\" class=\"attachment-large size-large wp-image-802\" alt=\"FabricSupplier-Gr\u00fcnderin-Helen\" srcset=\"https:\/\/fabric-supplier.com\/wp-content\/uploads\/2025\/10\/FabricSupplier-Founder-Helen.png 1024w, https:\/\/fabric-supplier.com\/wp-content\/uploads\/2025\/10\/FabricSupplier-Founder-Helen-300x300.png 300w, https:\/\/fabric-supplier.com\/wp-content\/uploads\/2025\/10\/FabricSupplier-Founder-Helen-150x150.png 150w, https:\/\/fabric-supplier.com\/wp-content\/uploads\/2025\/10\/FabricSupplier-Founder-Helen-768x768.png 768w\" sizes=\"(max-width: 800px) 100vw, 800px\" title=\"\">\t\t\t\t\t\t\t\t<\/a>\n\t\t\t\t\t\t\t\t\t\t\t\t\t\t\t<\/div>\n\t\t\t\t<\/div>\n\t\t\t\t\t<\/div>\n\t\t\t\t<\/div>\n\t\t<div class=\"elementor-element elementor-element-c9888d1 e-flex e-con-boxed e-con e-parent\" data-id=\"c9888d1\" data-element_type=\"container\" data-e-type=\"container\">\n\t\t\t\t\t<div class=\"e-con-inner\">\n\t\t\t\t<div class=\"elementor-element elementor-element-1cf2684 elementor-grid-3 elementor-grid-tablet-2 elementor-grid-mobile-1 elementor-posts--thumbnail-top elementor-widget elementor-widget-posts\" data-id=\"1cf2684\" data-element_type=\"widget\" data-e-type=\"widget\" data-settings=\"{&quot;classic_columns&quot;:&quot;3&quot;,&quot;classic_columns_tablet&quot;:&quot;2&quot;,&quot;classic_columns_mobile&quot;:&quot;1&quot;,&quot;classic_row_gap&quot;:{&quot;unit&quot;:&quot;px&quot;,&quot;size&quot;:35,&quot;sizes&quot;:[]},&quot;classic_row_gap_tablet&quot;:{&quot;unit&quot;:&quot;px&quot;,&quot;size&quot;:&quot;&quot;,&quot;sizes&quot;:[]},&quot;classic_row_gap_mobile&quot;:{&quot;unit&quot;:&quot;px&quot;,&quot;size&quot;:&quot;&quot;,&quot;sizes&quot;:[]}}\" data-widget_type=\"posts.classic\">\n\t\t\t\t<div class=\"elementor-widget-container\">\n\t\t\t\t\t\t\t<div class=\"elementor-posts-container elementor-posts elementor-posts--skin-classic elementor-grid\" role=\"list\">\n\t\t\t\t<article class=\"elementor-post elementor-grid-item post-2575 post type-post status-publish format-standard has-post-thumbnail hentry category-polyester-knowledge\" role=\"listitem\">\n\t\t\t\t<a class=\"elementor-post__thumbnail__link\" href=\"https:\/\/fabric-supplier.com\/de\/polyestergewebeprufung\/\" tabindex=\"-1\" >\n\t\t\t<div class=\"elementor-post__thumbnail\"><img loading=\"lazy\" decoding=\"async\" width=\"1024\" height=\"950\" src=\"https:\/\/fabric-supplier.com\/wp-content\/uploads\/2026\/01\/Polyester-fabric-inspection-Four-point-inspection-system-Common-defects-in-polyester-fabrics-e1767534754595.webp\" class=\"attachment-full size-full wp-image-2640\" alt=\"Polyestergewebepr\u00fcfung \u2013 Vier-Punkte-Pr\u00fcfsystem + H\u00e4ufige Fehler bei Polyestergeweben\" title=\"\" srcset=\"https:\/\/fabric-supplier.com\/wp-content\/uploads\/2026\/01\/Polyester-fabric-inspection-Four-point-inspection-system-Common-defects-in-polyester-fabrics-e1767534754595.webp 1024w, https:\/\/fabric-supplier.com\/wp-content\/uploads\/2026\/01\/Polyester-fabric-inspection-Four-point-inspection-system-Common-defects-in-polyester-fabrics-e1767534754595-300x278.webp 300w, https:\/\/fabric-supplier.com\/wp-content\/uploads\/2026\/01\/Polyester-fabric-inspection-Four-point-inspection-system-Common-defects-in-polyester-fabrics-e1767534754595-768x713.webp 768w, https:\/\/fabric-supplier.com\/wp-content\/uploads\/2026\/01\/Polyester-fabric-inspection-Four-point-inspection-system-Common-defects-in-polyester-fabrics-e1767534754595-13x12.webp 13w\" sizes=\"(max-width: 1024px) 100vw, 1024px\" \/><\/div>\n\t\t<\/a>\n\t\t\t\t<div class=\"elementor-post__text\">\n\t\t\t\t<h3 class=\"elementor-post__title\">\n\t\t\t<a href=\"https:\/\/fabric-supplier.com\/de\/polyestergewebeprufung\/\" >\n\t\t\t\tPolyestergewebepr\u00fcfung: Vier-Punkte-Pr\u00fcfsystem + H\u00e4ufige Fehler bei Polyestergeweben\t\t\t<\/a>\n\t\t<\/h3>\n\t\t\t\t<div class=\"elementor-post__meta-data\">\n\t\t\t\t\t<span class=\"elementor-post-date\">\n\t\t\t2026-02-02\t\t<\/span>\n\t\t\t\t<\/div>\n\t\t\t\t<div class=\"elementor-post__excerpt\">\n\t\t\t<p>Meistern Sie die Polyestergewebepr\u00fcfung mit unserem Werksleitfaden. Wir behandeln das Vier-Punkte-System, h\u00e4ufige Fehler und die Checkliste f\u00fcr die Qualit\u00e4tskontrolle Ihrer Bestellung.<\/p>\n\t\t<\/div>\n\t\t\t\t\t<div class=\"elementor-post__read-more-wrapper\">\n\t\t\n\t\t<a class=\"elementor-post__read-more\" href=\"https:\/\/fabric-supplier.com\/de\/polyestergewebeprufung\/\" aria-label=\"Lesen Sie mehr \u00fcber die Pr\u00fcfung von Polyestergeweben: Vier-Punkte-Pr\u00fcfsystem + H\u00e4ufige Fehler bei Polyestergeweben\" tabindex=\"-1\" >\n\t\t\tMehr lesen &quot;\u00bb\t\t<\/a>\n\n\t\t\t\t\t<\/div>\n\t\t\t\t<\/div>\n\t\t\t\t<\/article>\n\t\t\t\t<article class=\"elementor-post elementor-grid-item post-2522 post type-post status-publish format-standard has-post-thumbnail hentry category-polyester-knowledge\" role=\"listitem\">\n\t\t\t\t<a class=\"elementor-post__thumbnail__link\" href=\"https:\/\/fabric-supplier.com\/de\/nylon-vs-polyester\/\" tabindex=\"-1\" >\n\t\t\t<div class=\"elementor-post__thumbnail\"><img loading=\"lazy\" decoding=\"async\" width=\"894\" height=\"870\" src=\"https:\/\/fabric-supplier.com\/wp-content\/uploads\/2026\/01\/Nylon-Fabric-vs-Polyester-Fabric-e1767362388888.webp\" class=\"attachment-full size-full wp-image-2563\" alt=\"Nylongewebe vs. Polyestergewebe\" title=\"\" srcset=\"https:\/\/fabric-supplier.com\/wp-content\/uploads\/2026\/01\/Nylon-Fabric-vs-Polyester-Fabric-e1767362388888.webp 894w, https:\/\/fabric-supplier.com\/wp-content\/uploads\/2026\/01\/Nylon-Fabric-vs-Polyester-Fabric-e1767362388888-300x292.webp 300w, https:\/\/fabric-supplier.com\/wp-content\/uploads\/2026\/01\/Nylon-Fabric-vs-Polyester-Fabric-e1767362388888-768x747.webp 768w, https:\/\/fabric-supplier.com\/wp-content\/uploads\/2026\/01\/Nylon-Fabric-vs-Polyester-Fabric-e1767362388888-12x12.webp 12w\" sizes=\"(max-width: 894px) 100vw, 894px\" \/><\/div>\n\t\t<\/a>\n\t\t\t\t<div class=\"elementor-post__text\">\n\t\t\t\t<h3 class=\"elementor-post__title\">\n\t\t\t<a href=\"https:\/\/fabric-supplier.com\/de\/nylon-vs-polyester\/\" >\n\t\t\t\tNylon vs. Polyestergewebe: Spezifikationen, Leistungsdaten, Werksleitfaden\t\t\t<\/a>\n\t\t<\/h3>\n\t\t\t\t<div class=\"elementor-post__meta-data\">\n\t\t\t\t\t<span class=\"elementor-post-date\">\n\t\t\t2026-02-02\t\t<\/span>\n\t\t\t\t<\/div>\n\t\t\t\t<div class=\"elementor-post__excerpt\">\n\t\t\t<p>Nylon vs. Polyester: Welches Material ist besser? Unser 20-j\u00e4hriger Werksleitfaden vergleicht Haltbarkeit, Atmungsaktivit\u00e4t, Pilling und Kosten.<\/p>\n\t\t<\/div>\n\t\t\t\t\t<div class=\"elementor-post__read-more-wrapper\">\n\t\t\n\t\t<a class=\"elementor-post__read-more\" href=\"https:\/\/fabric-supplier.com\/de\/nylon-vs-polyester\/\" aria-label=\"Lesen Sie mehr \u00fcber Nylon- vs. Polyestergewebe: Spezifikationen, Leistungsdaten und Werksleitfaden\" tabindex=\"-1\" >\n\t\t\tMehr lesen &quot;\u00bb\t\t<\/a>\n\n\t\t\t\t\t<\/div>\n\t\t\t\t<\/div>\n\t\t\t\t<\/article>\n\t\t\t\t<article class=\"elementor-post elementor-grid-item post-2395 post type-post status-publish format-standard has-post-thumbnail hentry category-polyester-knowledge\" role=\"listitem\">\n\t\t\t\t<a class=\"elementor-post__thumbnail__link\" href=\"https:\/\/fabric-supplier.com\/de\/was-ist-polyestergewebe\/\" tabindex=\"-1\" >\n\t\t\t<div class=\"elementor-post__thumbnail\"><img loading=\"lazy\" decoding=\"async\" width=\"966\" height=\"960\" src=\"https:\/\/fabric-supplier.com\/wp-content\/uploads\/2025\/12\/A-piece-of-blue-polyester-fabric-was-placed-on-the-table-e1766899097504.webp\" class=\"attachment-full size-full wp-image-2415\" alt=\"Ein St\u00fcck blauer Polyesterstoff wurde auf den Tisch gelegt.\" title=\"\" srcset=\"https:\/\/fabric-supplier.com\/wp-content\/uploads\/2025\/12\/A-piece-of-blue-polyester-fabric-was-placed-on-the-table-e1766899097504.webp 966w, https:\/\/fabric-supplier.com\/wp-content\/uploads\/2025\/12\/A-piece-of-blue-polyester-fabric-was-placed-on-the-table-e1766899097504-300x298.webp 300w, https:\/\/fabric-supplier.com\/wp-content\/uploads\/2025\/12\/A-piece-of-blue-polyester-fabric-was-placed-on-the-table-e1766899097504-150x150.webp 150w, https:\/\/fabric-supplier.com\/wp-content\/uploads\/2025\/12\/A-piece-of-blue-polyester-fabric-was-placed-on-the-table-e1766899097504-768x763.webp 768w, https:\/\/fabric-supplier.com\/wp-content\/uploads\/2025\/12\/A-piece-of-blue-polyester-fabric-was-placed-on-the-table-e1766899097504-12x12.webp 12w\" sizes=\"(max-width: 966px) 100vw, 966px\" \/><\/div>\n\t\t<\/a>\n\t\t\t\t<div class=\"elementor-post__text\">\n\t\t\t\t<h3 class=\"elementor-post__title\">\n\t\t\t<a href=\"https:\/\/fabric-supplier.com\/de\/was-ist-polyestergewebe\/\" >\n\t\t\t\tWas ist Polyestergewebe? Werksleitfaden zu Spezifikationen, Pr\u00fcfungen und Bestellungen\t\t\t<\/a>\n\t\t<\/h3>\n\t\t\t\t<div class=\"elementor-post__meta-data\">\n\t\t\t\t\t<span class=\"elementor-post-date\">\n\t\t\t2026-02-02\t\t<\/span>\n\t\t\t\t<\/div>\n\t\t\t\t<div class=\"elementor-post__excerpt\">\n\t\t\t<p>Was ist Polyestergewebe? Unser 20-j\u00e4hriger Werksleitfaden definiert die Zusammensetzung, vergleicht sie mit Baumwolle und beschreibt wichtige Spezifikationen (GSM, DTY\/FDY) sowie Pr\u00fcfstandards (AATCC).<\/p>\n\t\t<\/div>\n\t\t\t\t\t<div class=\"elementor-post__read-more-wrapper\">\n\t\t\n\t\t<a class=\"elementor-post__read-more\" href=\"https:\/\/fabric-supplier.com\/de\/was-ist-polyestergewebe\/\" aria-label=\"Lesen Sie mehr \u00fcber: Was ist Polyestergewebe? Werksleitfaden zu Spezifikationen, Pr\u00fcfungen und Bestellungen\" tabindex=\"-1\" >\n\t\t\tMehr lesen &quot;\u00bb\t\t<\/a>\n\n\t\t\t\t\t<\/div>\n\t\t\t\t<\/div>\n\t\t\t\t<\/article>\n\t\t\t\t<article class=\"elementor-post elementor-grid-item post-2252 post type-post status-publish format-standard has-post-thumbnail hentry category-cotton-knowledge category-polyester-knowledge\" role=\"listitem\">\n\t\t\t\t<a class=\"elementor-post__thumbnail__link\" href=\"https:\/\/fabric-supplier.com\/de\/baumwollpopeline-vs-polyesterpopeline-vs-stretchpopeline\/\" tabindex=\"-1\" >\n\t\t\t<div class=\"elementor-post__thumbnail\"><img loading=\"lazy\" decoding=\"async\" width=\"1024\" height=\"894\" src=\"https:\/\/fabric-supplier.com\/wp-content\/uploads\/2025\/12\/Cotton-Poplin-vs-Polyester-Poplin-vs-Stretch-Poplin-1-e1766071620574.webp\" class=\"attachment-full size-full wp-image-2292\" alt=\"Baumwollpopeline vs. Polyesterpopeline vs. Stretchpopeline.\" title=\"\" srcset=\"https:\/\/fabric-supplier.com\/wp-content\/uploads\/2025\/12\/Cotton-Poplin-vs-Polyester-Poplin-vs-Stretch-Poplin-1-e1766071620574.webp 1024w, https:\/\/fabric-supplier.com\/wp-content\/uploads\/2025\/12\/Cotton-Poplin-vs-Polyester-Poplin-vs-Stretch-Poplin-1-e1766071620574-300x262.webp 300w, https:\/\/fabric-supplier.com\/wp-content\/uploads\/2025\/12\/Cotton-Poplin-vs-Polyester-Poplin-vs-Stretch-Poplin-1-e1766071620574-768x671.webp 768w, https:\/\/fabric-supplier.com\/wp-content\/uploads\/2025\/12\/Cotton-Poplin-vs-Polyester-Poplin-vs-Stretch-Poplin-1-e1766071620574-14x12.webp 14w\" sizes=\"(max-width: 1024px) 100vw, 1024px\" \/><\/div>\n\t\t<\/a>\n\t\t\t\t<div class=\"elementor-post__text\">\n\t\t\t\t<h3 class=\"elementor-post__title\">\n\t\t\t<a href=\"https:\/\/fabric-supplier.com\/de\/baumwollpopeline-vs-polyesterpopeline-vs-stretchpopeline\/\" >\n\t\t\t\tBaumwollpopeline vs. Polyesterpopeline vs. Stretchpopeline: Welche ist die richtige Wahl?\t\t\t<\/a>\n\t\t<\/h3>\n\t\t\t\t<div class=\"elementor-post__meta-data\">\n\t\t\t\t\t<span class=\"elementor-post-date\">\n\t\t\t2026-02-02\t\t<\/span>\n\t\t\t\t<\/div>\n\t\t\t\t<div class=\"elementor-post__excerpt\">\n\t\t\t<p>Vergleich von Baumwollpopeline, Polyesterpopeline und Stretchpopeline? Unser Fabrikleitfaden, Kosteninformationen, Angaben zu Einlaufen und Formbest\u00e4ndigkeit helfen Ihnen bei der Auswahl des richtigen Hemdenstoffs.<\/p>\n\t\t<\/div>\n\t\t\t\t\t<div class=\"elementor-post__read-more-wrapper\">\n\t\t\n\t\t<a class=\"elementor-post__read-more\" href=\"https:\/\/fabric-supplier.com\/de\/baumwollpopeline-vs-polyesterpopeline-vs-stretchpopeline\/\" aria-label=\"Lesen Sie mehr \u00fcber Baumwollpopeline vs. Polyesterpopeline vs. Stretchpopeline: Welche ist die richtige Wahl?\" tabindex=\"-1\" >\n\t\t\tMehr lesen &quot;\u00bb\t\t<\/a>\n\n\t\t\t\t\t<\/div>\n\t\t\t\t<\/div>\n\t\t\t\t<\/article>\n\t\t\t\t<\/div>\n\t\t\n\t\t\t\t\t\t<\/div>\n\t\t\t\t<\/div>\n\t\t\t\t\t<\/div>\n\t\t\t\t<\/div>\n\t\t\t\t<\/div>","protected":false},"excerpt":{"rendered":"<p>Lernen Sie die Grundlagen von Polyestergeweben kennen: Garnarten, Konstruktionen, Veredelungen, Qualit\u00e4tspr\u00fcfungen und Tipps zur Beschaffung. Praktische Leitf\u00e4den f\u00fcr Eink\u00e4ufer und Hersteller.<\/p>","protected":false},"author":1,"featured_media":3069,"parent":0,"menu_order":0,"comment_status":"closed","ping_status":"closed","template":"","meta":{"footnotes":""},"class_list":["post-3066","page","type-page","status-publish","has-post-thumbnail","hentry"],"_links":{"self":[{"href":"https:\/\/fabric-supplier.com\/de\/wp-json\/wp\/v2\/pages\/3066","targetHints":{"allow":["GET"]}}],"collection":[{"href":"https:\/\/fabric-supplier.com\/de\/wp-json\/wp\/v2\/pages"}],"about":[{"href":"https:\/\/fabric-supplier.com\/de\/wp-json\/wp\/v2\/types\/page"}],"author":[{"embeddable":true,"href":"https:\/\/fabric-supplier.com\/de\/wp-json\/wp\/v2\/users\/1"}],"replies":[{"embeddable":true,"href":"https:\/\/fabric-supplier.com\/de\/wp-json\/wp\/v2\/comments?post=3066"}],"version-history":[{"count":1,"href":"https:\/\/fabric-supplier.com\/de\/wp-json\/wp\/v2\/pages\/3066\/revisions"}],"predecessor-version":[{"id":3195,"href":"https:\/\/fabric-supplier.com\/de\/wp-json\/wp\/v2\/pages\/3066\/revisions\/3195"}],"wp:featuredmedia":[{"embeddable":true,"href":"https:\/\/fabric-supplier.com\/de\/wp-json\/wp\/v2\/media\/3069"}],"wp:attachment":[{"href":"https:\/\/fabric-supplier.com\/de\/wp-json\/wp\/v2\/media?parent=3066"}],"curies":[{"name":"wp","href":"https:\/\/api.w.org\/{rel}","templated":true}]}}