{"id":3066,"date":"2026-02-01T20:55:40","date_gmt":"2026-02-01T12:55:40","guid":{"rendered":"https:\/\/fabric-supplier.com\/?page_id=3066"},"modified":"2026-02-03T00:24:07","modified_gmt":"2026-02-02T16:24:07","slug":"blog-sur-les-tissus-en-polyester","status":"publish","type":"page","link":"https:\/\/fabric-supplier.com\/fr\/blog-sur-les-tissus-en-polyester\/","title":{"rendered":"Blog sur les tissus en polyester"},"content":{"rendered":"<div data-elementor-type=\"wp-page\" data-elementor-id=\"3066\" class=\"elementor elementor-3066\" data-elementor-post-type=\"page\">\n\t\t\t\t<div class=\"elementor-element elementor-element-4717e7a e-flex e-con-boxed e-con e-parent\" data-id=\"4717e7a\" data-element_type=\"container\" data-e-type=\"container\">\n\t\t\t\t\t<div class=\"e-con-inner\">\n\t\t<div class=\"elementor-element elementor-element-6928349 e-con-full e-flex e-con e-child\" data-id=\"6928349\" data-element_type=\"container\" data-e-type=\"container\">\n\t\t\t\t<div class=\"elementor-element elementor-element-0ae1802 elementor-widget elementor-widget-image\" data-id=\"0ae1802\" data-element_type=\"widget\" data-e-type=\"widget\" data-widget_type=\"image.default\">\n\t\t\t\t\t\t\t\t\t\t\t\t\t\t\t<img fetchpriority=\"high\" decoding=\"async\" width=\"600\" height=\"397\" src=\"https:\/\/fabric-supplier.com\/wp-content\/uploads\/2026\/02\/Polyester-fabric.webp\" class=\"attachment-large size-large wp-image-3069\" alt=\"Tissu en polyester\" srcset=\"https:\/\/fabric-supplier.com\/wp-content\/uploads\/2026\/02\/Polyester-fabric.webp 600w, https:\/\/fabric-supplier.com\/wp-content\/uploads\/2026\/02\/Polyester-fabric-300x199.webp 300w, https:\/\/fabric-supplier.com\/wp-content\/uploads\/2026\/02\/Polyester-fabric-18x12.webp 18w\" sizes=\"(max-width: 600px) 100vw, 600px\" title=\"\">\t\t\t\t\t\t\t\t\t\t\t\t\t\t\t<\/div>\n\t\t\t\t<\/div>\n\t\t<div class=\"elementor-element elementor-element-cd64263 e-con-full e-flex e-con e-child\" data-id=\"cd64263\" data-element_type=\"container\" data-e-type=\"container\">\n\t\t\t\t<div class=\"elementor-element elementor-element-3b45fcd elementor-widget elementor-widget-heading\" data-id=\"3b45fcd\" data-element_type=\"widget\" data-e-type=\"widget\" data-widget_type=\"heading.default\">\n\t\t\t\t\t<h1 class=\"elementor-heading-title elementor-size-default\">Centre de ressources sur les tissus en polyester\u00a0: des bases de la fibre \u00e0 la production en s\u00e9rie<\/h1>\t\t\t\t<\/div>\n\t\t\t\t<div class=\"elementor-element elementor-element-5dfcedd elementor-widget elementor-widget-text-editor\" data-id=\"5dfcedd\" data-element_type=\"widget\" data-e-type=\"widget\" data-widget_type=\"text-editor.default\">\n\t\t\t\t\t\t\t\t\t<p>Bienvenue dans notre centre d&#039;apprentissage sur les tissus en polyester. Vous y trouverez des articles pratiques et d\u00e9taill\u00e9s sur les types de fibres et de fils de polyester (DTY\/FDY\/fil\u00e9s), les constructions de tissus courantes (tiss\u00e9s et tricot\u00e9s), les m\u00e9thodes de teinture et d&#039;impression, les finitions performantes et les tests de qualit\u00e9 sur lesquels s&#039;appuient les acheteurs. Que vous d\u00e9veloppiez une nouvelle gamme de produits ou que vous cherchiez \u00e0 am\u00e9liorer la r\u00e9gularit\u00e9 de vos commandes, ces guides vous aideront \u00e0 choisir les sp\u00e9cifications ad\u00e9quates en r\u00e9duisant le nombre d&#039;essais et les erreurs co\u00fbteuses.<\/p>\t\t\t\t\t\t\t\t<\/div>\n\t\t\t\t<div class=\"elementor-element elementor-element-e9990c8 elementor-widget elementor-widget-button\" data-id=\"e9990c8\" data-element_type=\"widget\" data-e-type=\"widget\" data-widget_type=\"button.default\">\n\t\t\t\t\t\t\t\t\t\t<a class=\"elementor-button elementor-button-link elementor-size-sm\" href=\"https:\/\/fabric-supplier.com\/fr\/vente-en-gros-de-tissus-en-polyester\/\">\n\t\t\t\t\t\t<span class=\"elementor-button-content-wrapper\">\n\t\t\t\t\t\t\t\t\t<span class=\"elementor-button-text\">Explorez le tissu polyester<\/span>\n\t\t\t\t\t<\/span>\n\t\t\t\t\t<\/a>\n\t\t\t\t\t\t\t\t<\/div>\n\t\t\t\t<\/div>\n\t\t\t\t\t<\/div>\n\t\t\t\t<\/div>\n\t\t<div class=\"elementor-element elementor-element-17a5ebe e-flex e-con-boxed e-con e-parent\" data-id=\"17a5ebe\" data-element_type=\"container\" data-e-type=\"container\" data-settings=\"{&quot;background_background&quot;:&quot;classic&quot;}\">\n\t\t\t\t\t<div class=\"e-con-inner\">\n\t\t<div class=\"elementor-element elementor-element-8aff828 e-con-full elementor-hidden-desktop e-flex e-con e-child\" data-id=\"8aff828\" data-element_type=\"container\" data-e-type=\"container\">\n\t\t\t\t<div class=\"elementor-element elementor-element-5ccbd21 elementor-widget elementor-widget-image\" data-id=\"5ccbd21\" data-element_type=\"widget\" data-e-type=\"widget\" data-widget_type=\"image.default\">\n\t\t\t\t\t\t\t\t\t\t\t\t\t\t\t\t<a href=\"https:\/\/fabric-supplier.com\/en\/author\/ldxt915gmail-com\/\">\n\t\t\t\t\t\t\t<img decoding=\"async\" width=\"800\" height=\"800\" src=\"https:\/\/fabric-supplier.com\/wp-content\/uploads\/2025\/10\/FabricSupplier-Founder-Helen.png\" class=\"attachment-large size-large wp-image-802\" alt=\"Fournisseur de tissus-Fondatrice-Helen\" srcset=\"https:\/\/fabric-supplier.com\/wp-content\/uploads\/2025\/10\/FabricSupplier-Founder-Helen.png 1024w, https:\/\/fabric-supplier.com\/wp-content\/uploads\/2025\/10\/FabricSupplier-Founder-Helen-300x300.png 300w, https:\/\/fabric-supplier.com\/wp-content\/uploads\/2025\/10\/FabricSupplier-Founder-Helen-150x150.png 150w, https:\/\/fabric-supplier.com\/wp-content\/uploads\/2025\/10\/FabricSupplier-Founder-Helen-768x768.png 768w\" sizes=\"(max-width: 800px) 100vw, 800px\" title=\"\">\t\t\t\t\t\t\t\t<\/a>\n\t\t\t\t\t\t\t\t\t\t\t\t\t\t\t<\/div>\n\t\t\t\t<\/div>\n\t\t<div class=\"elementor-element elementor-element-f9915e3 e-con-full e-flex e-con e-child\" data-id=\"f9915e3\" data-element_type=\"container\" data-e-type=\"container\">\n\t\t\t\t<div class=\"elementor-element elementor-element-fbded93 elementor-widget elementor-widget-heading\" data-id=\"fbded93\" data-element_type=\"widget\" data-e-type=\"widget\" data-widget_type=\"heading.default\">\n\t\t\t\t\t<h2 class=\"elementor-heading-title elementor-size-default\"><a href=\"https:\/\/fabric-supplier.com\/en\/author\/ldxt915gmail-com\/\">Auteur : Helen<\/a><\/h2>\t\t\t\t<\/div>\n\t\t\t\t<div class=\"elementor-element elementor-element-c2a8c67 elementor-widget elementor-widget-text-editor\" data-id=\"c2a8c67\" data-element_type=\"widget\" data-e-type=\"widget\" data-widget_type=\"text-editor.default\">\n\t\t\t\t\t\t\t\t\t<p>Avec plus de 20 ans d\u2019exp\u00e9rience dans l\u2019industrie de la fabrication textile, Helen se sp\u00e9cialise dans les tissus naturels et m\u00e9lang\u00e9s, notamment le coton, le polyester-coton, le lin-coton et les textiles de performance sp\u00e9cialis\u00e9s.<\/p>\n<p>Bas\u00e9e en Chine, son usine fournit des tissus \u00e0 des marques de v\u00eatements et \u00e0 des fabricants de textiles d&#039;int\u00e9rieur en Europe et en Asie du Sud-Est. Helen est passionn\u00e9e par l&#039;approvisionnement durable et les tests de qualit\u00e9 rigoureux\u00a0: chaque tissu est inspect\u00e9 selon les normes ISO et OEKO-TEX\u00ae avant exp\u00e9dition.<\/p>\n<p>\u00c0 travers ses \u00e9crits, il partage des informations pratiques sur la s\u00e9lection des fils, la densit\u00e9 du tissage et les traitements de finition qui aident les acheteurs \u00e0 prendre des d\u00e9cisions d\u2019approvisionnement \u00e9clair\u00e9es.<\/p>\t\t\t\t\t\t\t\t<\/div>\n\t\t\t\t<div class=\"elementor-element elementor-element-0968067 elementor-widget elementor-widget-heading\" data-id=\"0968067\" data-element_type=\"widget\" data-e-type=\"widget\" data-widget_type=\"heading.default\">\n\t\t\t\t\t<h2 class=\"elementor-heading-title elementor-size-default\">H\u00e9l\u00e8ne Honor :\n<\/h2>\t\t\t\t<\/div>\n\t\t<div class=\"elementor-element elementor-element-aa61834 e-con-full e-flex e-con e-child\" data-id=\"aa61834\" data-element_type=\"container\" data-e-type=\"container\">\n\t\t<div class=\"elementor-element elementor-element-f152365 e-con-full e-flex e-con e-child\" data-id=\"f152365\" data-element_type=\"container\" data-e-type=\"container\">\n\t\t\t\t<div class=\"elementor-element elementor-element-6121c30 elementor-widget elementor-widget-image\" data-id=\"6121c30\" data-element_type=\"widget\" data-e-type=\"widget\" data-widget_type=\"image.default\">\n\t\t\t\t\t\t\t\t\t\t\t\t\t\t\t<img decoding=\"async\" width=\"350\" height=\"350\" src=\"https:\/\/fabric-supplier.com\/wp-content\/uploads\/2025\/11\/gots.webp\" class=\"attachment-large size-large wp-image-1461\" alt=\"gots\" srcset=\"https:\/\/fabric-supplier.com\/wp-content\/uploads\/2025\/11\/gots.webp 350w, https:\/\/fabric-supplier.com\/wp-content\/uploads\/2025\/11\/gots-300x300.webp 300w, https:\/\/fabric-supplier.com\/wp-content\/uploads\/2025\/11\/gots-150x150.webp 150w, https:\/\/fabric-supplier.com\/wp-content\/uploads\/2025\/11\/gots-12x12.webp 12w\" sizes=\"(max-width: 350px) 100vw, 350px\" title=\"\">\t\t\t\t\t\t\t\t\t\t\t\t\t\t\t<\/div>\n\t\t\t\t<\/div>\n\t\t<div class=\"elementor-element elementor-element-d95ed4b e-con-full e-flex e-con e-child\" data-id=\"d95ed4b\" data-element_type=\"container\" data-e-type=\"container\">\n\t\t\t\t<div class=\"elementor-element elementor-element-16d2b04 elementor-widget elementor-widget-image\" data-id=\"16d2b04\" data-element_type=\"widget\" data-e-type=\"widget\" data-widget_type=\"image.default\">\n\t\t\t\t\t\t\t\t\t\t\t\t\t\t\t<img loading=\"lazy\" decoding=\"async\" width=\"540\" height=\"540\" src=\"https:\/\/fabric-supplier.com\/wp-content\/uploads\/2025\/11\/Oeko-Tex-approved.webp\" class=\"attachment-large size-large wp-image-1462\" alt=\"Approuv\u00e9 Oeko-Tex\" srcset=\"https:\/\/fabric-supplier.com\/wp-content\/uploads\/2025\/11\/Oeko-Tex-approved.webp 540w, https:\/\/fabric-supplier.com\/wp-content\/uploads\/2025\/11\/Oeko-Tex-approved-300x300.webp 300w, https:\/\/fabric-supplier.com\/wp-content\/uploads\/2025\/11\/Oeko-Tex-approved-150x150.webp 150w, https:\/\/fabric-supplier.com\/wp-content\/uploads\/2025\/11\/Oeko-Tex-approved-12x12.webp 12w\" sizes=\"(max-width: 540px) 100vw, 540px\" title=\"\">\t\t\t\t\t\t\t\t\t\t\t\t\t\t\t<\/div>\n\t\t\t\t<\/div>\n\t\t<div class=\"elementor-element elementor-element-44a223f e-con-full e-flex e-con e-child\" data-id=\"44a223f\" data-element_type=\"container\" data-e-type=\"container\">\n\t\t\t\t<div class=\"elementor-element elementor-element-d4b6d9b elementor-widget elementor-widget-image\" data-id=\"d4b6d9b\" data-element_type=\"widget\" data-e-type=\"widget\" data-widget_type=\"image.default\">\n\t\t\t\t\t\t\t\t\t\t\t\t\t\t\t<img loading=\"lazy\" decoding=\"async\" width=\"501\" height=\"501\" src=\"https:\/\/fabric-supplier.com\/wp-content\/uploads\/2025\/11\/ISO-9001-2015-LOGO.webp\" class=\"attachment-large size-large wp-image-1463\" alt=\"Logo ISO 9001:2015\" srcset=\"https:\/\/fabric-supplier.com\/wp-content\/uploads\/2025\/11\/ISO-9001-2015-LOGO.webp 501w, https:\/\/fabric-supplier.com\/wp-content\/uploads\/2025\/11\/ISO-9001-2015-LOGO-300x300.webp 300w, https:\/\/fabric-supplier.com\/wp-content\/uploads\/2025\/11\/ISO-9001-2015-LOGO-150x150.webp 150w, https:\/\/fabric-supplier.com\/wp-content\/uploads\/2025\/11\/ISO-9001-2015-LOGO-12x12.webp 12w\" sizes=\"(max-width: 501px) 100vw, 501px\" title=\"\">\t\t\t\t\t\t\t\t\t\t\t\t\t\t\t<\/div>\n\t\t\t\t<\/div>\n\t\t\t\t<\/div>\n\t\t\t\t<\/div>\n\t\t<div class=\"elementor-element elementor-element-4c96415 e-con-full elementor-hidden-tablet elementor-hidden-mobile e-flex e-con e-child\" data-id=\"4c96415\" data-element_type=\"container\" data-e-type=\"container\">\n\t\t\t\t<div class=\"elementor-element elementor-element-6e95bf2 elementor-widget elementor-widget-image\" data-id=\"6e95bf2\" data-element_type=\"widget\" data-e-type=\"widget\" data-widget_type=\"image.default\">\n\t\t\t\t\t\t\t\t\t\t\t\t\t\t\t\t<a href=\"https:\/\/fabric-supplier.com\/en\/author\/ldxt915gmail-com\/\">\n\t\t\t\t\t\t\t<img decoding=\"async\" width=\"800\" height=\"800\" src=\"https:\/\/fabric-supplier.com\/wp-content\/uploads\/2025\/10\/FabricSupplier-Founder-Helen.png\" class=\"attachment-large size-large wp-image-802\" alt=\"Fournisseur de tissus-Fondatrice-Helen\" srcset=\"https:\/\/fabric-supplier.com\/wp-content\/uploads\/2025\/10\/FabricSupplier-Founder-Helen.png 1024w, https:\/\/fabric-supplier.com\/wp-content\/uploads\/2025\/10\/FabricSupplier-Founder-Helen-300x300.png 300w, https:\/\/fabric-supplier.com\/wp-content\/uploads\/2025\/10\/FabricSupplier-Founder-Helen-150x150.png 150w, https:\/\/fabric-supplier.com\/wp-content\/uploads\/2025\/10\/FabricSupplier-Founder-Helen-768x768.png 768w\" sizes=\"(max-width: 800px) 100vw, 800px\" title=\"\">\t\t\t\t\t\t\t\t<\/a>\n\t\t\t\t\t\t\t\t\t\t\t\t\t\t\t<\/div>\n\t\t\t\t<\/div>\n\t\t\t\t\t<\/div>\n\t\t\t\t<\/div>\n\t\t<div class=\"elementor-element elementor-element-c9888d1 e-flex e-con-boxed e-con e-parent\" data-id=\"c9888d1\" data-element_type=\"container\" data-e-type=\"container\">\n\t\t\t\t\t<div class=\"e-con-inner\">\n\t\t\t\t<div class=\"elementor-element elementor-element-1cf2684 elementor-grid-3 elementor-grid-tablet-2 elementor-grid-mobile-1 elementor-posts--thumbnail-top elementor-widget elementor-widget-posts\" data-id=\"1cf2684\" data-element_type=\"widget\" data-e-type=\"widget\" data-settings=\"{&quot;classic_columns&quot;:&quot;3&quot;,&quot;classic_columns_tablet&quot;:&quot;2&quot;,&quot;classic_columns_mobile&quot;:&quot;1&quot;,&quot;classic_row_gap&quot;:{&quot;unit&quot;:&quot;px&quot;,&quot;size&quot;:35,&quot;sizes&quot;:[]},&quot;classic_row_gap_tablet&quot;:{&quot;unit&quot;:&quot;px&quot;,&quot;size&quot;:&quot;&quot;,&quot;sizes&quot;:[]},&quot;classic_row_gap_mobile&quot;:{&quot;unit&quot;:&quot;px&quot;,&quot;size&quot;:&quot;&quot;,&quot;sizes&quot;:[]}}\" data-widget_type=\"posts.classic\">\n\t\t\t\t<div class=\"elementor-widget-container\">\n\t\t\t\t\t\t\t<div class=\"elementor-posts-container elementor-posts elementor-posts--skin-classic elementor-grid\" role=\"list\">\n\t\t\t\t<article class=\"elementor-post elementor-grid-item post-2575 post type-post status-publish format-standard has-post-thumbnail hentry category-polyester-knowledge\" role=\"listitem\">\n\t\t\t\t<a class=\"elementor-post__thumbnail__link\" href=\"https:\/\/fabric-supplier.com\/fr\/inspection-des-tissus-en-polyester\/\" tabindex=\"-1\" >\n\t\t\t<div class=\"elementor-post__thumbnail\"><img loading=\"lazy\" decoding=\"async\" width=\"1024\" height=\"950\" src=\"https:\/\/fabric-supplier.com\/wp-content\/uploads\/2026\/01\/Polyester-fabric-inspection-Four-point-inspection-system-Common-defects-in-polyester-fabrics-e1767534754595.webp\" class=\"attachment-full size-full wp-image-2640\" alt=\"Inspection des tissus en polyester - Syst\u00e8me d&#039;inspection en quatre points + D\u00e9fauts courants des tissus en polyester\" title=\"\" srcset=\"https:\/\/fabric-supplier.com\/wp-content\/uploads\/2026\/01\/Polyester-fabric-inspection-Four-point-inspection-system-Common-defects-in-polyester-fabrics-e1767534754595.webp 1024w, https:\/\/fabric-supplier.com\/wp-content\/uploads\/2026\/01\/Polyester-fabric-inspection-Four-point-inspection-system-Common-defects-in-polyester-fabrics-e1767534754595-300x278.webp 300w, https:\/\/fabric-supplier.com\/wp-content\/uploads\/2026\/01\/Polyester-fabric-inspection-Four-point-inspection-system-Common-defects-in-polyester-fabrics-e1767534754595-768x713.webp 768w, https:\/\/fabric-supplier.com\/wp-content\/uploads\/2026\/01\/Polyester-fabric-inspection-Four-point-inspection-system-Common-defects-in-polyester-fabrics-e1767534754595-13x12.webp 13w\" sizes=\"(max-width: 1024px) 100vw, 1024px\" \/><\/div>\n\t\t<\/a>\n\t\t\t\t<div class=\"elementor-post__text\">\n\t\t\t\t<h3 class=\"elementor-post__title\">\n\t\t\t<a href=\"https:\/\/fabric-supplier.com\/fr\/inspection-des-tissus-en-polyester\/\" >\n\t\t\t\tInspection des tissus en polyester\u00a0: Syst\u00e8me d\u2019inspection en quatre points + D\u00e9fauts courants des tissus en polyester\t\t\t<\/a>\n\t\t<\/h3>\n\t\t\t\t<div class=\"elementor-post__meta-data\">\n\t\t\t\t\t<span class=\"elementor-post-date\">\n\t\t\t2026-02-02\t\t<\/span>\n\t\t\t\t<\/div>\n\t\t\t\t<div class=\"elementor-post__excerpt\">\n\t\t\t<p>Ma\u00eetrisez l&#039;inspection des tissus en polyester gr\u00e2ce \u00e0 notre guide d&#039;usine. Nous y abordons le syst\u00e8me en quatre points, les d\u00e9fauts courants et la liste de contr\u00f4le qualit\u00e9 pour votre commande.<\/p>\n\t\t<\/div>\n\t\t\t\t\t<div class=\"elementor-post__read-more-wrapper\">\n\t\t\n\t\t<a class=\"elementor-post__read-more\" href=\"https:\/\/fabric-supplier.com\/fr\/inspection-des-tissus-en-polyester\/\" aria-label=\"Pour en savoir plus sur l&#039;inspection des tissus en polyester\u00a0: Syst\u00e8me d&#039;inspection en quatre points + D\u00e9fauts courants des tissus en polyester\" tabindex=\"-1\" >\n\t\t\tEn savoir plus &quot;\u00bb\t\t<\/a>\n\n\t\t\t\t\t<\/div>\n\t\t\t\t<\/div>\n\t\t\t\t<\/article>\n\t\t\t\t<article class=\"elementor-post elementor-grid-item post-2522 post type-post status-publish format-standard has-post-thumbnail hentry category-polyester-knowledge\" role=\"listitem\">\n\t\t\t\t<a class=\"elementor-post__thumbnail__link\" href=\"https:\/\/fabric-supplier.com\/fr\/nylon-contre-polyester\/\" tabindex=\"-1\" >\n\t\t\t<div class=\"elementor-post__thumbnail\"><img loading=\"lazy\" decoding=\"async\" width=\"894\" height=\"870\" src=\"https:\/\/fabric-supplier.com\/wp-content\/uploads\/2026\/01\/Nylon-Fabric-vs-Polyester-Fabric-e1767362388888.webp\" class=\"attachment-full size-full wp-image-2563\" alt=\"Tissu en nylon contre tissu en polyester\" title=\"\" srcset=\"https:\/\/fabric-supplier.com\/wp-content\/uploads\/2026\/01\/Nylon-Fabric-vs-Polyester-Fabric-e1767362388888.webp 894w, https:\/\/fabric-supplier.com\/wp-content\/uploads\/2026\/01\/Nylon-Fabric-vs-Polyester-Fabric-e1767362388888-300x292.webp 300w, https:\/\/fabric-supplier.com\/wp-content\/uploads\/2026\/01\/Nylon-Fabric-vs-Polyester-Fabric-e1767362388888-768x747.webp 768w, https:\/\/fabric-supplier.com\/wp-content\/uploads\/2026\/01\/Nylon-Fabric-vs-Polyester-Fabric-e1767362388888-12x12.webp 12w\" sizes=\"(max-width: 894px) 100vw, 894px\" \/><\/div>\n\t\t<\/a>\n\t\t\t\t<div class=\"elementor-post__text\">\n\t\t\t\t<h3 class=\"elementor-post__title\">\n\t\t\t<a href=\"https:\/\/fabric-supplier.com\/fr\/nylon-contre-polyester\/\" >\n\t\t\t\tNylon vs Polyester : Sp\u00e9cifications, Guide des fabricants\t\t\t<\/a>\n\t\t<\/h3>\n\t\t\t\t<div class=\"elementor-post__meta-data\">\n\t\t\t\t\t<span class=\"elementor-post-date\">\n\t\t\t2026-02-02\t\t<\/span>\n\t\t\t\t<\/div>\n\t\t\t\t<div class=\"elementor-post__excerpt\">\n\t\t\t<p>Nylon ou polyester\u00a0: lequel est le meilleur\u00a0? Notre guide d\u2019usine, bas\u00e9 sur 20\u00a0ans d\u2019exp\u00e9rience, compare la durabilit\u00e9, la respirabilit\u00e9, le boulochage et le co\u00fbt.<\/p>\n\t\t<\/div>\n\t\t\t\t\t<div class=\"elementor-post__read-more-wrapper\">\n\t\t\n\t\t<a class=\"elementor-post__read-more\" href=\"https:\/\/fabric-supplier.com\/fr\/nylon-contre-polyester\/\" aria-label=\"Pour en savoir plus sur les tissus en nylon et en polyester\u00a0: caract\u00e9ristiques, performances et guide d\u2019usine\" tabindex=\"-1\" >\n\t\t\tEn savoir plus &quot;\u00bb\t\t<\/a>\n\n\t\t\t\t\t<\/div>\n\t\t\t\t<\/div>\n\t\t\t\t<\/article>\n\t\t\t\t<article class=\"elementor-post elementor-grid-item post-2395 post type-post status-publish format-standard has-post-thumbnail hentry category-polyester-knowledge\" role=\"listitem\">\n\t\t\t\t<a class=\"elementor-post__thumbnail__link\" href=\"https:\/\/fabric-supplier.com\/fr\/quest-ce-que-le-tissu-polyester\/\" tabindex=\"-1\" >\n\t\t\t<div class=\"elementor-post__thumbnail\"><img loading=\"lazy\" decoding=\"async\" width=\"966\" height=\"960\" src=\"https:\/\/fabric-supplier.com\/wp-content\/uploads\/2025\/12\/A-piece-of-blue-polyester-fabric-was-placed-on-the-table-e1766899097504.webp\" class=\"attachment-full size-full wp-image-2415\" alt=\"Un morceau de tissu en polyester bleu a \u00e9t\u00e9 plac\u00e9 sur la table.\" title=\"\" srcset=\"https:\/\/fabric-supplier.com\/wp-content\/uploads\/2025\/12\/A-piece-of-blue-polyester-fabric-was-placed-on-the-table-e1766899097504.webp 966w, https:\/\/fabric-supplier.com\/wp-content\/uploads\/2025\/12\/A-piece-of-blue-polyester-fabric-was-placed-on-the-table-e1766899097504-300x298.webp 300w, https:\/\/fabric-supplier.com\/wp-content\/uploads\/2025\/12\/A-piece-of-blue-polyester-fabric-was-placed-on-the-table-e1766899097504-150x150.webp 150w, https:\/\/fabric-supplier.com\/wp-content\/uploads\/2025\/12\/A-piece-of-blue-polyester-fabric-was-placed-on-the-table-e1766899097504-768x763.webp 768w, https:\/\/fabric-supplier.com\/wp-content\/uploads\/2025\/12\/A-piece-of-blue-polyester-fabric-was-placed-on-the-table-e1766899097504-12x12.webp 12w\" sizes=\"(max-width: 966px) 100vw, 966px\" \/><\/div>\n\t\t<\/a>\n\t\t\t\t<div class=\"elementor-post__text\">\n\t\t\t\t<h3 class=\"elementor-post__title\">\n\t\t\t<a href=\"https:\/\/fabric-supplier.com\/fr\/quest-ce-que-le-tissu-polyester\/\" >\n\t\t\t\tQu\u2019est-ce que le tissu polyester\u00a0? Guide d\u2019usine\u00a0: sp\u00e9cifications, tests et bons de commande\t\t\t<\/a>\n\t\t<\/h3>\n\t\t\t\t<div class=\"elementor-post__meta-data\">\n\t\t\t\t\t<span class=\"elementor-post-date\">\n\t\t\t2026-02-02\t\t<\/span>\n\t\t\t\t<\/div>\n\t\t\t\t<div class=\"elementor-post__excerpt\">\n\t\t\t<p>Qu\u2019est-ce que le tissu polyester\u00a0? Notre guide d\u2019usine, fort de 20\u00a0ans d\u2019exp\u00e9rience, d\u00e9finit sa composition, la compare au coton et d\u00e9taille les sp\u00e9cifications cl\u00e9s (GSM, DTY\/FDY) et les normes de test (AATCC).<\/p>\n\t\t<\/div>\n\t\t\t\t\t<div class=\"elementor-post__read-more-wrapper\">\n\t\t\n\t\t<a class=\"elementor-post__read-more\" href=\"https:\/\/fabric-supplier.com\/fr\/quest-ce-que-le-tissu-polyester\/\" aria-label=\"Pour en savoir plus, consultez le guide d&#039;usine sur les sp\u00e9cifications, les tests et les bons de commande concernant le tissu polyester.\" tabindex=\"-1\" >\n\t\t\tEn savoir plus &quot;\u00bb\t\t<\/a>\n\n\t\t\t\t\t<\/div>\n\t\t\t\t<\/div>\n\t\t\t\t<\/article>\n\t\t\t\t<article class=\"elementor-post elementor-grid-item post-2252 post type-post status-publish format-standard has-post-thumbnail hentry category-cotton-knowledge category-polyester-knowledge\" role=\"listitem\">\n\t\t\t\t<a class=\"elementor-post__thumbnail__link\" href=\"https:\/\/fabric-supplier.com\/fr\/popeline-de-coton-vs-popeline-de-polyester-vs-popeline-extensible\/\" tabindex=\"-1\" >\n\t\t\t<div class=\"elementor-post__thumbnail\"><img loading=\"lazy\" decoding=\"async\" width=\"1024\" height=\"894\" src=\"https:\/\/fabric-supplier.com\/wp-content\/uploads\/2025\/12\/Cotton-Poplin-vs-Polyester-Poplin-vs-Stretch-Poplin-1-e1766071620574.webp\" class=\"attachment-full size-full wp-image-2292\" alt=\"Popeline de coton vs popeline de polyester vs popeline extensible.\" title=\"\" srcset=\"https:\/\/fabric-supplier.com\/wp-content\/uploads\/2025\/12\/Cotton-Poplin-vs-Polyester-Poplin-vs-Stretch-Poplin-1-e1766071620574.webp 1024w, https:\/\/fabric-supplier.com\/wp-content\/uploads\/2025\/12\/Cotton-Poplin-vs-Polyester-Poplin-vs-Stretch-Poplin-1-e1766071620574-300x262.webp 300w, https:\/\/fabric-supplier.com\/wp-content\/uploads\/2025\/12\/Cotton-Poplin-vs-Polyester-Poplin-vs-Stretch-Poplin-1-e1766071620574-768x671.webp 768w, https:\/\/fabric-supplier.com\/wp-content\/uploads\/2025\/12\/Cotton-Poplin-vs-Polyester-Poplin-vs-Stretch-Poplin-1-e1766071620574-14x12.webp 14w\" sizes=\"(max-width: 1024px) 100vw, 1024px\" \/><\/div>\n\t\t<\/a>\n\t\t\t\t<div class=\"elementor-post__text\">\n\t\t\t\t<h3 class=\"elementor-post__title\">\n\t\t\t<a href=\"https:\/\/fabric-supplier.com\/fr\/popeline-de-coton-vs-popeline-de-polyester-vs-popeline-extensible\/\" >\n\t\t\t\tPopeline de coton, popeline de polyester ou popeline extensible\u00a0: laquelle choisir\u00a0?\t\t\t<\/a>\n\t\t<\/h3>\n\t\t\t\t<div class=\"elementor-post__meta-data\">\n\t\t\t\t\t<span class=\"elementor-post-date\">\n\t\t\t2026-02-02\t\t<\/span>\n\t\t\t\t<\/div>\n\t\t\t\t<div class=\"elementor-post__excerpt\">\n\t\t\t<p>Comparaison entre la popeline de coton, la popeline de polyester et la popeline extensible\u00a0: notre guide des fabricants, les co\u00fbts, le r\u00e9tr\u00e9cissement et la reprise de forme vous aideront \u00e0 choisir le tissu id\u00e9al pour vos chemises.<\/p>\n\t\t<\/div>\n\t\t\t\t\t<div class=\"elementor-post__read-more-wrapper\">\n\t\t\n\t\t<a class=\"elementor-post__read-more\" href=\"https:\/\/fabric-supplier.com\/fr\/popeline-de-coton-vs-popeline-de-polyester-vs-popeline-extensible\/\" aria-label=\"Pour en savoir plus, consultez notre article sur la popeline de coton, la popeline de polyester et la popeline extensible\u00a0: laquelle choisir\u00a0?\" tabindex=\"-1\" >\n\t\t\tEn savoir plus &quot;\u00bb\t\t<\/a>\n\n\t\t\t\t\t<\/div>\n\t\t\t\t<\/div>\n\t\t\t\t<\/article>\n\t\t\t\t<\/div>\n\t\t\n\t\t\t\t\t\t<\/div>\n\t\t\t\t<\/div>\n\t\t\t\t\t<\/div>\n\t\t\t\t<\/div>\n\t\t\t\t<\/div>","protected":false},"excerpt":{"rendered":"<p>D\u00e9couvrez les bases du tissu polyester\u00a0: types de fils, constructions, finitions, tests de qualit\u00e9 et conseils d\u2019approvisionnement. Guides pratiques pour acheteurs et fabricants.<\/p>","protected":false},"author":1,"featured_media":3069,"parent":0,"menu_order":0,"comment_status":"closed","ping_status":"closed","template":"","meta":{"footnotes":""},"class_list":["post-3066","page","type-page","status-publish","has-post-thumbnail","hentry"],"_links":{"self":[{"href":"https:\/\/fabric-supplier.com\/fr\/wp-json\/wp\/v2\/pages\/3066","targetHints":{"allow":["GET"]}}],"collection":[{"href":"https:\/\/fabric-supplier.com\/fr\/wp-json\/wp\/v2\/pages"}],"about":[{"href":"https:\/\/fabric-supplier.com\/fr\/wp-json\/wp\/v2\/types\/page"}],"author":[{"embeddable":true,"href":"https:\/\/fabric-supplier.com\/fr\/wp-json\/wp\/v2\/users\/1"}],"replies":[{"embeddable":true,"href":"https:\/\/fabric-supplier.com\/fr\/wp-json\/wp\/v2\/comments?post=3066"}],"version-history":[{"count":1,"href":"https:\/\/fabric-supplier.com\/fr\/wp-json\/wp\/v2\/pages\/3066\/revisions"}],"predecessor-version":[{"id":3195,"href":"https:\/\/fabric-supplier.com\/fr\/wp-json\/wp\/v2\/pages\/3066\/revisions\/3195"}],"wp:featuredmedia":[{"embeddable":true,"href":"https:\/\/fabric-supplier.com\/fr\/wp-json\/wp\/v2\/media\/3069"}],"wp:attachment":[{"href":"https:\/\/fabric-supplier.com\/fr\/wp-json\/wp\/v2\/media?parent=3066"}],"curies":[{"name":"wp","href":"https:\/\/api.w.org\/{rel}","templated":true}]}}