{"id":3066,"date":"2026-02-01T20:55:40","date_gmt":"2026-02-01T12:55:40","guid":{"rendered":"https:\/\/fabric-supplier.com\/?page_id=3066"},"modified":"2026-02-03T00:24:07","modified_gmt":"2026-02-02T16:24:07","slug":"polyester-kumas-bilgisi-blogu","status":"publish","type":"page","link":"https:\/\/fabric-supplier.com\/tr\/polyester-kumas-bilgisi-blogu\/","title":{"rendered":"Polyester Kuma\u015f Bilgi Blogu"},"content":{"rendered":"<div data-elementor-type=\"wp-page\" data-elementor-id=\"3066\" class=\"elementor elementor-3066\" data-elementor-post-type=\"page\">\n\t\t\t\t<div class=\"elementor-element elementor-element-4717e7a e-flex e-con-boxed e-con e-parent\" data-id=\"4717e7a\" data-element_type=\"container\" data-e-type=\"container\">\n\t\t\t\t\t<div class=\"e-con-inner\">\n\t\t<div class=\"elementor-element elementor-element-6928349 e-con-full e-flex e-con e-child\" data-id=\"6928349\" data-element_type=\"container\" data-e-type=\"container\">\n\t\t\t\t<div class=\"elementor-element elementor-element-0ae1802 elementor-widget elementor-widget-image\" data-id=\"0ae1802\" data-element_type=\"widget\" data-e-type=\"widget\" data-widget_type=\"image.default\">\n\t\t\t\t\t\t\t\t\t\t\t\t\t\t\t<img fetchpriority=\"high\" decoding=\"async\" width=\"600\" height=\"397\" src=\"https:\/\/fabric-supplier.com\/wp-content\/uploads\/2026\/02\/Polyester-fabric.webp\" class=\"attachment-large size-large wp-image-3069\" alt=\"Polyester kuma\u015f\" srcset=\"https:\/\/fabric-supplier.com\/wp-content\/uploads\/2026\/02\/Polyester-fabric.webp 600w, https:\/\/fabric-supplier.com\/wp-content\/uploads\/2026\/02\/Polyester-fabric-300x199.webp 300w, https:\/\/fabric-supplier.com\/wp-content\/uploads\/2026\/02\/Polyester-fabric-18x12.webp 18w\" sizes=\"(max-width: 600px) 100vw, 600px\" title=\"\">\t\t\t\t\t\t\t\t\t\t\t\t\t\t\t<\/div>\n\t\t\t\t<\/div>\n\t\t<div class=\"elementor-element elementor-element-cd64263 e-con-full e-flex e-con e-child\" data-id=\"cd64263\" data-element_type=\"container\" data-e-type=\"container\">\n\t\t\t\t<div class=\"elementor-element elementor-element-3b45fcd elementor-widget elementor-widget-heading\" data-id=\"3b45fcd\" data-element_type=\"widget\" data-e-type=\"widget\" data-widget_type=\"heading.default\">\n\t\t\t\t\t<h1 class=\"elementor-heading-title elementor-size-default\">Polyester Kuma\u015f Bilgi Merkezi: Elyaf Temellerinden Seri \u00dcretime<\/h1>\t\t\t\t<\/div>\n\t\t\t\t<div class=\"elementor-element elementor-element-5dfcedd elementor-widget elementor-widget-text-editor\" data-id=\"5dfcedd\" data-element_type=\"widget\" data-e-type=\"widget\" data-widget_type=\"text-editor.default\">\n\t\t\t\t\t\t\t\t\t<p>Polyester kuma\u015f \u00f6\u011frenme merkezimize ho\u015f geldiniz. Burada, polyester elyaf ve iplik t\u00fcrlerini (DTY\/FDY\/spun), yayg\u0131n kuma\u015f yap\u0131lar\u0131n\u0131 (dokuma ve \u00f6rme), boyama ve bask\u0131 y\u00f6ntemlerini, performans aprelerini ve al\u0131c\u0131lar\u0131n g\u00fcvendi\u011fi kalite testlerini kapsayan pratik, ad\u0131m ad\u0131m makaleler bulacaks\u0131n\u0131z. \u0130ster yeni bir \u00fcr\u00fcn serisi olu\u015fturuyor olun ister tekrarlanan sipari\u015f tutarl\u0131l\u0131\u011f\u0131n\u0131 art\u0131r\u0131yor olun, bu k\u0131lavuzlar daha az numune alma turu ve daha az maliyetli hata ile do\u011fru \u00f6zellikleri se\u00e7menize yard\u0131mc\u0131 olur.<\/p>\t\t\t\t\t\t\t\t<\/div>\n\t\t\t\t<div class=\"elementor-element elementor-element-e9990c8 elementor-widget elementor-widget-button\" data-id=\"e9990c8\" data-element_type=\"widget\" data-e-type=\"widget\" data-widget_type=\"button.default\">\n\t\t\t\t\t\t\t\t\t\t<a class=\"elementor-button elementor-button-link elementor-size-sm\" href=\"https:\/\/fabric-supplier.com\/tr\/polyester-kumas-toptan-satisi\/\">\n\t\t\t\t\t\t<span class=\"elementor-button-content-wrapper\">\n\t\t\t\t\t\t\t\t\t<span class=\"elementor-button-text\">Polyester Kuma\u015f\u0131 Ke\u015ffedin<\/span>\n\t\t\t\t\t<\/span>\n\t\t\t\t\t<\/a>\n\t\t\t\t\t\t\t\t<\/div>\n\t\t\t\t<\/div>\n\t\t\t\t\t<\/div>\n\t\t\t\t<\/div>\n\t\t<div class=\"elementor-element elementor-element-17a5ebe e-flex e-con-boxed e-con e-parent\" data-id=\"17a5ebe\" data-element_type=\"container\" data-e-type=\"container\" data-settings=\"{&quot;background_background&quot;:&quot;classic&quot;}\">\n\t\t\t\t\t<div class=\"e-con-inner\">\n\t\t<div class=\"elementor-element elementor-element-8aff828 e-con-full elementor-hidden-desktop e-flex e-con e-child\" data-id=\"8aff828\" data-element_type=\"container\" data-e-type=\"container\">\n\t\t\t\t<div class=\"elementor-element elementor-element-5ccbd21 elementor-widget elementor-widget-image\" data-id=\"5ccbd21\" data-element_type=\"widget\" data-e-type=\"widget\" data-widget_type=\"image.default\">\n\t\t\t\t\t\t\t\t\t\t\t\t\t\t\t\t<a href=\"https:\/\/fabric-supplier.com\/en\/author\/ldxt915gmail-com\/\">\n\t\t\t\t\t\t\t<img decoding=\"async\" width=\"800\" height=\"800\" src=\"https:\/\/fabric-supplier.com\/wp-content\/uploads\/2025\/10\/FabricSupplier-Founder-Helen.png\" class=\"attachment-large size-large wp-image-802\" alt=\"FabricSupplier-Kurucusu-Helen\" srcset=\"https:\/\/fabric-supplier.com\/wp-content\/uploads\/2025\/10\/FabricSupplier-Founder-Helen.png 1024w, https:\/\/fabric-supplier.com\/wp-content\/uploads\/2025\/10\/FabricSupplier-Founder-Helen-300x300.png 300w, https:\/\/fabric-supplier.com\/wp-content\/uploads\/2025\/10\/FabricSupplier-Founder-Helen-150x150.png 150w, https:\/\/fabric-supplier.com\/wp-content\/uploads\/2025\/10\/FabricSupplier-Founder-Helen-768x768.png 768w\" sizes=\"(max-width: 800px) 100vw, 800px\" title=\"\">\t\t\t\t\t\t\t\t<\/a>\n\t\t\t\t\t\t\t\t\t\t\t\t\t\t\t<\/div>\n\t\t\t\t<\/div>\n\t\t<div class=\"elementor-element elementor-element-f9915e3 e-con-full e-flex e-con e-child\" data-id=\"f9915e3\" data-element_type=\"container\" data-e-type=\"container\">\n\t\t\t\t<div class=\"elementor-element elementor-element-fbded93 elementor-widget elementor-widget-heading\" data-id=\"fbded93\" data-element_type=\"widget\" data-e-type=\"widget\" data-widget_type=\"heading.default\">\n\t\t\t\t\t<h2 class=\"elementor-heading-title elementor-size-default\"><a href=\"https:\/\/fabric-supplier.com\/en\/author\/ldxt915gmail-com\/\">Yazar : Helen<\/a><\/h2>\t\t\t\t<\/div>\n\t\t\t\t<div class=\"elementor-element elementor-element-c2a8c67 elementor-widget elementor-widget-text-editor\" data-id=\"c2a8c67\" data-element_type=\"widget\" data-e-type=\"widget\" data-widget_type=\"text-editor.default\">\n\t\t\t\t\t\t\t\t\t<p>Tekstil \u00fcretim sekt\u00f6r\u00fcnde 20 y\u0131l\u0131 a\u015fk\u0131n deneyime sahip olan Helen, pamuk, polyester-pamuk, keten-pamuk ve \u00f6zel performans tekstilleri dahil olmak \u00fczere do\u011fal ve kar\u0131\u015f\u0131ml\u0131 kuma\u015flarda uzmanla\u015fm\u0131\u015ft\u0131r.<\/p>\n<p>\u00c7in merkezli fabrikas\u0131, Avrupa ve G\u00fcneydo\u011fu Asya&#039;daki giyim markalar\u0131na ve ev tekstili \u00fcreticilerine kuma\u015f tedarik ediyor. Helen, s\u00fcrd\u00fcr\u00fclebilir kaynak kullan\u0131m\u0131 ve titiz kalite testleri konusunda tutkulu; her kuma\u015f, sevkiyattan \u00f6nce ISO ve OEKO-TEX\u00ae standartlar\u0131na g\u00f6re denetleniyor.<\/p>\n<p>Yaz\u0131lar\u0131nda, al\u0131c\u0131lar\u0131n bilin\u00e7li kaynak kararlar\u0131 almalar\u0131na yard\u0131mc\u0131 olan iplik se\u00e7imi, dokuma yo\u011funlu\u011fu ve son i\u015flemler hakk\u0131nda pratik bilgiler payla\u015f\u0131yor.<\/p>\t\t\t\t\t\t\t\t<\/div>\n\t\t\t\t<div class=\"elementor-element elementor-element-0968067 elementor-widget elementor-widget-heading\" data-id=\"0968067\" data-element_type=\"widget\" data-e-type=\"widget\" data-widget_type=\"heading.default\">\n\t\t\t\t\t<h2 class=\"elementor-heading-title elementor-size-default\">Helen Honor:\n<\/h2>\t\t\t\t<\/div>\n\t\t<div class=\"elementor-element elementor-element-aa61834 e-con-full e-flex e-con e-child\" data-id=\"aa61834\" data-element_type=\"container\" data-e-type=\"container\">\n\t\t<div class=\"elementor-element elementor-element-f152365 e-con-full e-flex e-con e-child\" data-id=\"f152365\" data-element_type=\"container\" data-e-type=\"container\">\n\t\t\t\t<div class=\"elementor-element elementor-element-6121c30 elementor-widget elementor-widget-image\" data-id=\"6121c30\" data-element_type=\"widget\" data-e-type=\"widget\" data-widget_type=\"image.default\">\n\t\t\t\t\t\t\t\t\t\t\t\t\t\t\t<img decoding=\"async\" width=\"350\" height=\"350\" src=\"https:\/\/fabric-supplier.com\/wp-content\/uploads\/2025\/11\/gots.webp\" class=\"attachment-large size-large wp-image-1461\" alt=\"gots\" srcset=\"https:\/\/fabric-supplier.com\/wp-content\/uploads\/2025\/11\/gots.webp 350w, https:\/\/fabric-supplier.com\/wp-content\/uploads\/2025\/11\/gots-300x300.webp 300w, https:\/\/fabric-supplier.com\/wp-content\/uploads\/2025\/11\/gots-150x150.webp 150w, https:\/\/fabric-supplier.com\/wp-content\/uploads\/2025\/11\/gots-12x12.webp 12w\" sizes=\"(max-width: 350px) 100vw, 350px\" title=\"\">\t\t\t\t\t\t\t\t\t\t\t\t\t\t\t<\/div>\n\t\t\t\t<\/div>\n\t\t<div class=\"elementor-element elementor-element-d95ed4b e-con-full e-flex e-con e-child\" data-id=\"d95ed4b\" data-element_type=\"container\" data-e-type=\"container\">\n\t\t\t\t<div class=\"elementor-element elementor-element-16d2b04 elementor-widget elementor-widget-image\" data-id=\"16d2b04\" data-element_type=\"widget\" data-e-type=\"widget\" data-widget_type=\"image.default\">\n\t\t\t\t\t\t\t\t\t\t\t\t\t\t\t<img loading=\"lazy\" decoding=\"async\" width=\"540\" height=\"540\" src=\"https:\/\/fabric-supplier.com\/wp-content\/uploads\/2025\/11\/Oeko-Tex-approved.webp\" class=\"attachment-large size-large wp-image-1462\" alt=\"Oeko-Tex onayl\u0131\" srcset=\"https:\/\/fabric-supplier.com\/wp-content\/uploads\/2025\/11\/Oeko-Tex-approved.webp 540w, https:\/\/fabric-supplier.com\/wp-content\/uploads\/2025\/11\/Oeko-Tex-approved-300x300.webp 300w, https:\/\/fabric-supplier.com\/wp-content\/uploads\/2025\/11\/Oeko-Tex-approved-150x150.webp 150w, https:\/\/fabric-supplier.com\/wp-content\/uploads\/2025\/11\/Oeko-Tex-approved-12x12.webp 12w\" sizes=\"(max-width: 540px) 100vw, 540px\" title=\"\">\t\t\t\t\t\t\t\t\t\t\t\t\t\t\t<\/div>\n\t\t\t\t<\/div>\n\t\t<div class=\"elementor-element elementor-element-44a223f e-con-full e-flex e-con e-child\" data-id=\"44a223f\" data-element_type=\"container\" data-e-type=\"container\">\n\t\t\t\t<div class=\"elementor-element elementor-element-d4b6d9b elementor-widget elementor-widget-image\" data-id=\"d4b6d9b\" data-element_type=\"widget\" data-e-type=\"widget\" data-widget_type=\"image.default\">\n\t\t\t\t\t\t\t\t\t\t\t\t\t\t\t<img loading=\"lazy\" decoding=\"async\" width=\"501\" height=\"501\" src=\"https:\/\/fabric-supplier.com\/wp-content\/uploads\/2025\/11\/ISO-9001-2015-LOGO.webp\" class=\"attachment-large size-large wp-image-1463\" alt=\"ISO-9001-2015-LOGO\" srcset=\"https:\/\/fabric-supplier.com\/wp-content\/uploads\/2025\/11\/ISO-9001-2015-LOGO.webp 501w, https:\/\/fabric-supplier.com\/wp-content\/uploads\/2025\/11\/ISO-9001-2015-LOGO-300x300.webp 300w, https:\/\/fabric-supplier.com\/wp-content\/uploads\/2025\/11\/ISO-9001-2015-LOGO-150x150.webp 150w, https:\/\/fabric-supplier.com\/wp-content\/uploads\/2025\/11\/ISO-9001-2015-LOGO-12x12.webp 12w\" sizes=\"(max-width: 501px) 100vw, 501px\" title=\"\">\t\t\t\t\t\t\t\t\t\t\t\t\t\t\t<\/div>\n\t\t\t\t<\/div>\n\t\t\t\t<\/div>\n\t\t\t\t<\/div>\n\t\t<div class=\"elementor-element elementor-element-4c96415 e-con-full elementor-hidden-tablet elementor-hidden-mobile e-flex e-con e-child\" data-id=\"4c96415\" data-element_type=\"container\" data-e-type=\"container\">\n\t\t\t\t<div class=\"elementor-element elementor-element-6e95bf2 elementor-widget elementor-widget-image\" data-id=\"6e95bf2\" data-element_type=\"widget\" data-e-type=\"widget\" data-widget_type=\"image.default\">\n\t\t\t\t\t\t\t\t\t\t\t\t\t\t\t\t<a href=\"https:\/\/fabric-supplier.com\/en\/author\/ldxt915gmail-com\/\">\n\t\t\t\t\t\t\t<img decoding=\"async\" width=\"800\" height=\"800\" src=\"https:\/\/fabric-supplier.com\/wp-content\/uploads\/2025\/10\/FabricSupplier-Founder-Helen.png\" class=\"attachment-large size-large wp-image-802\" alt=\"FabricSupplier-Kurucusu-Helen\" srcset=\"https:\/\/fabric-supplier.com\/wp-content\/uploads\/2025\/10\/FabricSupplier-Founder-Helen.png 1024w, https:\/\/fabric-supplier.com\/wp-content\/uploads\/2025\/10\/FabricSupplier-Founder-Helen-300x300.png 300w, https:\/\/fabric-supplier.com\/wp-content\/uploads\/2025\/10\/FabricSupplier-Founder-Helen-150x150.png 150w, https:\/\/fabric-supplier.com\/wp-content\/uploads\/2025\/10\/FabricSupplier-Founder-Helen-768x768.png 768w\" sizes=\"(max-width: 800px) 100vw, 800px\" title=\"\">\t\t\t\t\t\t\t\t<\/a>\n\t\t\t\t\t\t\t\t\t\t\t\t\t\t\t<\/div>\n\t\t\t\t<\/div>\n\t\t\t\t\t<\/div>\n\t\t\t\t<\/div>\n\t\t<div class=\"elementor-element elementor-element-c9888d1 e-flex e-con-boxed e-con e-parent\" data-id=\"c9888d1\" data-element_type=\"container\" data-e-type=\"container\">\n\t\t\t\t\t<div class=\"e-con-inner\">\n\t\t\t\t<div class=\"elementor-element elementor-element-1cf2684 elementor-grid-3 elementor-grid-tablet-2 elementor-grid-mobile-1 elementor-posts--thumbnail-top elementor-widget elementor-widget-posts\" data-id=\"1cf2684\" data-element_type=\"widget\" data-e-type=\"widget\" data-settings=\"{&quot;classic_columns&quot;:&quot;3&quot;,&quot;classic_columns_tablet&quot;:&quot;2&quot;,&quot;classic_columns_mobile&quot;:&quot;1&quot;,&quot;classic_row_gap&quot;:{&quot;unit&quot;:&quot;px&quot;,&quot;size&quot;:35,&quot;sizes&quot;:[]},&quot;classic_row_gap_tablet&quot;:{&quot;unit&quot;:&quot;px&quot;,&quot;size&quot;:&quot;&quot;,&quot;sizes&quot;:[]},&quot;classic_row_gap_mobile&quot;:{&quot;unit&quot;:&quot;px&quot;,&quot;size&quot;:&quot;&quot;,&quot;sizes&quot;:[]}}\" data-widget_type=\"posts.classic\">\n\t\t\t\t<div class=\"elementor-widget-container\">\n\t\t\t\t\t\t\t<div class=\"elementor-posts-container elementor-posts elementor-posts--skin-classic elementor-grid\" role=\"list\">\n\t\t\t\t<article class=\"elementor-post elementor-grid-item post-2575 post type-post status-publish format-standard has-post-thumbnail hentry category-polyester-knowledge\" role=\"listitem\">\n\t\t\t\t<a class=\"elementor-post__thumbnail__link\" href=\"https:\/\/fabric-supplier.com\/tr\/polyester-kumas-denetimi\/\" tabindex=\"-1\" >\n\t\t\t<div class=\"elementor-post__thumbnail\"><img loading=\"lazy\" decoding=\"async\" width=\"1024\" height=\"950\" src=\"https:\/\/fabric-supplier.com\/wp-content\/uploads\/2026\/01\/Polyester-fabric-inspection-Four-point-inspection-system-Common-defects-in-polyester-fabrics-e1767534754595.webp\" class=\"attachment-full size-full wp-image-2640\" alt=\"Polyester kuma\u015f muayenesi - D\u00f6rt a\u015famal\u0131 muayene sistemi + Polyester kuma\u015flarda s\u0131k g\u00f6r\u00fclen kusurlar\" title=\"\" srcset=\"https:\/\/fabric-supplier.com\/wp-content\/uploads\/2026\/01\/Polyester-fabric-inspection-Four-point-inspection-system-Common-defects-in-polyester-fabrics-e1767534754595.webp 1024w, https:\/\/fabric-supplier.com\/wp-content\/uploads\/2026\/01\/Polyester-fabric-inspection-Four-point-inspection-system-Common-defects-in-polyester-fabrics-e1767534754595-300x278.webp 300w, https:\/\/fabric-supplier.com\/wp-content\/uploads\/2026\/01\/Polyester-fabric-inspection-Four-point-inspection-system-Common-defects-in-polyester-fabrics-e1767534754595-768x713.webp 768w, https:\/\/fabric-supplier.com\/wp-content\/uploads\/2026\/01\/Polyester-fabric-inspection-Four-point-inspection-system-Common-defects-in-polyester-fabrics-e1767534754595-13x12.webp 13w\" sizes=\"(max-width: 1024px) 100vw, 1024px\" \/><\/div>\n\t\t<\/a>\n\t\t\t\t<div class=\"elementor-post__text\">\n\t\t\t\t<h3 class=\"elementor-post__title\">\n\t\t\t<a href=\"https:\/\/fabric-supplier.com\/tr\/polyester-kumas-denetimi\/\" >\n\t\t\t\tPolyester kuma\u015f muayenesi: D\u00f6rt a\u015famal\u0131 muayene sistemi + Polyester kuma\u015flarda s\u0131k g\u00f6r\u00fclen kusurlar\t\t\t<\/a>\n\t\t<\/h3>\n\t\t\t\t<div class=\"elementor-post__meta-data\">\n\t\t\t\t\t<span class=\"elementor-post-date\">\n\t\t\t2026-02-02\t\t<\/span>\n\t\t\t\t<\/div>\n\t\t\t\t<div class=\"elementor-post__excerpt\">\n\t\t\t<p>Fabrika k\u0131lavuzumuzla polyester kuma\u015f muayenesinde uzmanla\u015f\u0131n. D\u00f6rt Nokta Sistemi, yayg\u0131n kusurlar ve sipari\u015finiz i\u00e7in kalite kontrol kontrol listesini ele al\u0131yoruz.<\/p>\n\t\t<\/div>\n\t\t\t\t\t<div class=\"elementor-post__read-more-wrapper\">\n\t\t\n\t\t<a class=\"elementor-post__read-more\" href=\"https:\/\/fabric-supplier.com\/tr\/polyester-kumas-denetimi\/\" aria-label=\"Polyester kuma\u015f muayenesi hakk\u0131nda daha fazla bilgi edinin: D\u00f6rt a\u015famal\u0131 muayene sistemi + Polyester kuma\u015flarda s\u0131k g\u00f6r\u00fclen kusurlar\" tabindex=\"-1\" >\n\t\t\tDevam\u0131n\u0131 oku &quot;\u00bb\t\t<\/a>\n\n\t\t\t\t\t<\/div>\n\t\t\t\t<\/div>\n\t\t\t\t<\/article>\n\t\t\t\t<article class=\"elementor-post elementor-grid-item post-2522 post type-post status-publish format-standard has-post-thumbnail hentry category-polyester-knowledge\" role=\"listitem\">\n\t\t\t\t<a class=\"elementor-post__thumbnail__link\" href=\"https:\/\/fabric-supplier.com\/tr\/naylon-ve-polyester-karsilastirmasi\/\" tabindex=\"-1\" >\n\t\t\t<div class=\"elementor-post__thumbnail\"><img loading=\"lazy\" decoding=\"async\" width=\"894\" height=\"870\" src=\"https:\/\/fabric-supplier.com\/wp-content\/uploads\/2026\/01\/Nylon-Fabric-vs-Polyester-Fabric-e1767362388888.webp\" class=\"attachment-full size-full wp-image-2563\" alt=\"Naylon Kuma\u015f vs Polyester Kuma\u015f\" title=\"\" srcset=\"https:\/\/fabric-supplier.com\/wp-content\/uploads\/2026\/01\/Nylon-Fabric-vs-Polyester-Fabric-e1767362388888.webp 894w, https:\/\/fabric-supplier.com\/wp-content\/uploads\/2026\/01\/Nylon-Fabric-vs-Polyester-Fabric-e1767362388888-300x292.webp 300w, https:\/\/fabric-supplier.com\/wp-content\/uploads\/2026\/01\/Nylon-Fabric-vs-Polyester-Fabric-e1767362388888-768x747.webp 768w, https:\/\/fabric-supplier.com\/wp-content\/uploads\/2026\/01\/Nylon-Fabric-vs-Polyester-Fabric-e1767362388888-12x12.webp 12w\" sizes=\"(max-width: 894px) 100vw, 894px\" \/><\/div>\n\t\t<\/a>\n\t\t\t\t<div class=\"elementor-post__text\">\n\t\t\t\t<h3 class=\"elementor-post__title\">\n\t\t\t<a href=\"https:\/\/fabric-supplier.com\/tr\/naylon-ve-polyester-karsilastirmasi\/\" >\n\t\t\t\tNaylon ve Polyester Kuma\u015f: \u00d6zellikler, Performans Fabrika K\u0131lavuzu\t\t\t<\/a>\n\t\t<\/h3>\n\t\t\t\t<div class=\"elementor-post__meta-data\">\n\t\t\t\t\t<span class=\"elementor-post-date\">\n\t\t\t2026-02-02\t\t<\/span>\n\t\t\t\t<\/div>\n\t\t\t\t<div class=\"elementor-post__excerpt\">\n\t\t\t<p>Naylon mu, polyester mi daha iyi? 20 y\u0131ll\u0131k fabrika deneyimimizle dayan\u0131kl\u0131l\u0131k, nefes alabilirlik, t\u00fcylenme ve maliyet a\u00e7\u0131s\u0131ndan kar\u015f\u0131la\u015ft\u0131rma yap\u0131yoruz.<\/p>\n\t\t<\/div>\n\t\t\t\t\t<div class=\"elementor-post__read-more-wrapper\">\n\t\t\n\t\t<a class=\"elementor-post__read-more\" href=\"https:\/\/fabric-supplier.com\/tr\/naylon-ve-polyester-karsilastirmasi\/\" aria-label=\"Naylon ve Polyester Kuma\u015flar Hakk\u0131nda Daha Fazla Bilgi Edinin: \u00d6zellikler, Performans Fabrika K\u0131lavuzu\" tabindex=\"-1\" >\n\t\t\tDevam\u0131n\u0131 oku &quot;\u00bb\t\t<\/a>\n\n\t\t\t\t\t<\/div>\n\t\t\t\t<\/div>\n\t\t\t\t<\/article>\n\t\t\t\t<article class=\"elementor-post elementor-grid-item post-2395 post type-post status-publish format-standard has-post-thumbnail hentry category-polyester-knowledge\" role=\"listitem\">\n\t\t\t\t<a class=\"elementor-post__thumbnail__link\" href=\"https:\/\/fabric-supplier.com\/tr\/polyester-kumas-nedir\/\" tabindex=\"-1\" >\n\t\t\t<div class=\"elementor-post__thumbnail\"><img loading=\"lazy\" decoding=\"async\" width=\"966\" height=\"960\" src=\"https:\/\/fabric-supplier.com\/wp-content\/uploads\/2025\/12\/A-piece-of-blue-polyester-fabric-was-placed-on-the-table-e1766899097504.webp\" class=\"attachment-full size-full wp-image-2415\" alt=\"Masaya mavi bir polyester kuma\u015f par\u00e7as\u0131 yerle\u015ftirildi.\" title=\"\" srcset=\"https:\/\/fabric-supplier.com\/wp-content\/uploads\/2025\/12\/A-piece-of-blue-polyester-fabric-was-placed-on-the-table-e1766899097504.webp 966w, https:\/\/fabric-supplier.com\/wp-content\/uploads\/2025\/12\/A-piece-of-blue-polyester-fabric-was-placed-on-the-table-e1766899097504-300x298.webp 300w, https:\/\/fabric-supplier.com\/wp-content\/uploads\/2025\/12\/A-piece-of-blue-polyester-fabric-was-placed-on-the-table-e1766899097504-150x150.webp 150w, https:\/\/fabric-supplier.com\/wp-content\/uploads\/2025\/12\/A-piece-of-blue-polyester-fabric-was-placed-on-the-table-e1766899097504-768x763.webp 768w, https:\/\/fabric-supplier.com\/wp-content\/uploads\/2025\/12\/A-piece-of-blue-polyester-fabric-was-placed-on-the-table-e1766899097504-12x12.webp 12w\" sizes=\"(max-width: 966px) 100vw, 966px\" \/><\/div>\n\t\t<\/a>\n\t\t\t\t<div class=\"elementor-post__text\">\n\t\t\t\t<h3 class=\"elementor-post__title\">\n\t\t\t<a href=\"https:\/\/fabric-supplier.com\/tr\/polyester-kumas-nedir\/\" >\n\t\t\t\tPolyester Kuma\u015f Nedir? Fabrika K\u0131lavuzu: \u00d6zellikler, Testler ve Sat\u0131n Alma Sipari\u015fleri\t\t\t<\/a>\n\t\t<\/h3>\n\t\t\t\t<div class=\"elementor-post__meta-data\">\n\t\t\t\t\t<span class=\"elementor-post-date\">\n\t\t\t2026-02-02\t\t<\/span>\n\t\t\t\t<\/div>\n\t\t\t\t<div class=\"elementor-post__excerpt\">\n\t\t\t<p>Polyester kuma\u015f nedir? 20 y\u0131ll\u0131k fabrika k\u0131lavuzumuz, bile\u015fimini tan\u0131mlar, pamukla kar\u015f\u0131la\u015ft\u0131r\u0131r ve temel \u00f6zelliklerini (GSM, DTY\/FDY) ve test standartlar\u0131n\u0131 (AATCC) detayland\u0131r\u0131r.<\/p>\n\t\t<\/div>\n\t\t\t\t\t<div class=\"elementor-post__read-more-wrapper\">\n\t\t\n\t\t<a class=\"elementor-post__read-more\" href=\"https:\/\/fabric-supplier.com\/tr\/polyester-kumas-nedir\/\" aria-label=\"Polyester Kuma\u015f Nedir? Fabrika K\u0131lavuzu: \u00d6zellikler, Testler ve Sat\u0131n Alma Sipari\u015fleri hakk\u0131nda daha fazla bilgi edinin.\" tabindex=\"-1\" >\n\t\t\tDevam\u0131n\u0131 oku &quot;\u00bb\t\t<\/a>\n\n\t\t\t\t\t<\/div>\n\t\t\t\t<\/div>\n\t\t\t\t<\/article>\n\t\t\t\t<article class=\"elementor-post elementor-grid-item post-2252 post type-post status-publish format-standard has-post-thumbnail hentry category-cotton-knowledge category-polyester-knowledge\" role=\"listitem\">\n\t\t\t\t<a class=\"elementor-post__thumbnail__link\" href=\"https:\/\/fabric-supplier.com\/tr\/pamuklu-poplin-mi-polyester-poplin-mi-yoksa-strec-poplin-mi\/\" tabindex=\"-1\" >\n\t\t\t<div class=\"elementor-post__thumbnail\"><img loading=\"lazy\" decoding=\"async\" width=\"1024\" height=\"894\" src=\"https:\/\/fabric-supplier.com\/wp-content\/uploads\/2025\/12\/Cotton-Poplin-vs-Polyester-Poplin-vs-Stretch-Poplin-1-e1766071620574.webp\" class=\"attachment-full size-full wp-image-2292\" alt=\"Pamuklu poplin mi, polyester poplin mi, yoksa stre\u00e7 poplin mi?.\" title=\"\" srcset=\"https:\/\/fabric-supplier.com\/wp-content\/uploads\/2025\/12\/Cotton-Poplin-vs-Polyester-Poplin-vs-Stretch-Poplin-1-e1766071620574.webp 1024w, https:\/\/fabric-supplier.com\/wp-content\/uploads\/2025\/12\/Cotton-Poplin-vs-Polyester-Poplin-vs-Stretch-Poplin-1-e1766071620574-300x262.webp 300w, https:\/\/fabric-supplier.com\/wp-content\/uploads\/2025\/12\/Cotton-Poplin-vs-Polyester-Poplin-vs-Stretch-Poplin-1-e1766071620574-768x671.webp 768w, https:\/\/fabric-supplier.com\/wp-content\/uploads\/2025\/12\/Cotton-Poplin-vs-Polyester-Poplin-vs-Stretch-Poplin-1-e1766071620574-14x12.webp 14w\" sizes=\"(max-width: 1024px) 100vw, 1024px\" \/><\/div>\n\t\t<\/a>\n\t\t\t\t<div class=\"elementor-post__text\">\n\t\t\t\t<h3 class=\"elementor-post__title\">\n\t\t\t<a href=\"https:\/\/fabric-supplier.com\/tr\/pamuklu-poplin-mi-polyester-poplin-mi-yoksa-strec-poplin-mi\/\" >\n\t\t\t\tPamuklu poplin mi, polyester poplin mi yoksa stre\u00e7 poplin mi: Hangisini tercih etmelisiniz?\t\t\t<\/a>\n\t\t<\/h3>\n\t\t\t\t<div class=\"elementor-post__meta-data\">\n\t\t\t\t\t<span class=\"elementor-post-date\">\n\t\t\t2026-02-02\t\t<\/span>\n\t\t\t\t<\/div>\n\t\t\t\t<div class=\"elementor-post__excerpt\">\n\t\t\t<p>Pamuk poplin, polyester poplin ve stre\u00e7 poplin kuma\u015flar\u0131 m\u0131 kar\u015f\u0131la\u015ft\u0131r\u0131yorsunuz? Do\u011fru g\u00f6mlek kuma\u015f\u0131n\u0131 bulman\u0131za yard\u0131mc\u0131 olmak i\u00e7in fabrika k\u0131lavuzumuz, maliyet, \u00e7ekme ve toparlanma \u00f6zelliklerimiz mevcut.<\/p>\n\t\t<\/div>\n\t\t\t\t\t<div class=\"elementor-post__read-more-wrapper\">\n\t\t\n\t\t<a class=\"elementor-post__read-more\" href=\"https:\/\/fabric-supplier.com\/tr\/pamuklu-poplin-mi-polyester-poplin-mi-yoksa-strec-poplin-mi\/\" aria-label=\"Pamuklu poplin, polyester poplin ve stre\u00e7 poplin: Hangisini tercih etmelisiniz? hakk\u0131nda daha fazla bilgi edinin.\" tabindex=\"-1\" >\n\t\t\tDevam\u0131n\u0131 oku &quot;\u00bb\t\t<\/a>\n\n\t\t\t\t\t<\/div>\n\t\t\t\t<\/div>\n\t\t\t\t<\/article>\n\t\t\t\t<\/div>\n\t\t\n\t\t\t\t\t\t<\/div>\n\t\t\t\t<\/div>\n\t\t\t\t\t<\/div>\n\t\t\t\t<\/div>\n\t\t\t\t<\/div>","protected":false},"excerpt":{"rendered":"<p>Polyester kuma\u015flar\u0131n temellerini, iplik t\u00fcrlerini, yap\u0131s\u0131n\u0131, apre i\u015flemlerini, kalite testlerini ve tedarik ipu\u00e7lar\u0131n\u0131 \u00f6\u011frenin. Al\u0131c\u0131lar ve \u00fcreticiler i\u00e7in pratik k\u0131lavuzlar.<\/p>","protected":false},"author":1,"featured_media":3069,"parent":0,"menu_order":0,"comment_status":"closed","ping_status":"closed","template":"","meta":{"footnotes":""},"class_list":["post-3066","page","type-page","status-publish","has-post-thumbnail","hentry"],"_links":{"self":[{"href":"https:\/\/fabric-supplier.com\/tr\/wp-json\/wp\/v2\/pages\/3066","targetHints":{"allow":["GET"]}}],"collection":[{"href":"https:\/\/fabric-supplier.com\/tr\/wp-json\/wp\/v2\/pages"}],"about":[{"href":"https:\/\/fabric-supplier.com\/tr\/wp-json\/wp\/v2\/types\/page"}],"author":[{"embeddable":true,"href":"https:\/\/fabric-supplier.com\/tr\/wp-json\/wp\/v2\/users\/1"}],"replies":[{"embeddable":true,"href":"https:\/\/fabric-supplier.com\/tr\/wp-json\/wp\/v2\/comments?post=3066"}],"version-history":[{"count":1,"href":"https:\/\/fabric-supplier.com\/tr\/wp-json\/wp\/v2\/pages\/3066\/revisions"}],"predecessor-version":[{"id":3195,"href":"https:\/\/fabric-supplier.com\/tr\/wp-json\/wp\/v2\/pages\/3066\/revisions\/3195"}],"wp:featuredmedia":[{"embeddable":true,"href":"https:\/\/fabric-supplier.com\/tr\/wp-json\/wp\/v2\/media\/3069"}],"wp:attachment":[{"href":"https:\/\/fabric-supplier.com\/tr\/wp-json\/wp\/v2\/media?parent=3066"}],"curies":[{"name":"wp","href":"https:\/\/api.w.org\/{rel}","templated":true}]}}