{"id":500,"date":"2025-10-02T18:09:18","date_gmt":"2025-10-02T10:09:18","guid":{"rendered":"https:\/\/fabric-supplier.com\/?page_id=500"},"modified":"2025-10-11T10:43:58","modified_gmt":"2025-10-11T02:43:58","slug":"lien-he-voi-chung-toi","status":"publish","type":"page","link":"https:\/\/fabric-supplier.com\/vi\/lien-he-voi-chung-toi\/","title":{"rendered":"Li\u00ean h\u1ec7 v\u1edbi ch\u00fang t\u00f4i"},"content":{"rendered":"\t\t<div data-elementor-type=\"wp-page\" data-elementor-id=\"500\" class=\"elementor elementor-500\" data-elementor-post-type=\"page\">\n\t\t\t\t<div class=\"elementor-element elementor-element-c5416e5 e-flex e-con-boxed e-con e-parent\" data-id=\"c5416e5\" data-element_type=\"container\" data-e-type=\"container\" data-settings=\"{&quot;background_background&quot;:&quot;classic&quot;}\">\n\t\t\t\t\t<div class=\"e-con-inner\">\n\t\t<div class=\"elementor-element elementor-element-361282a e-con-full e-flex e-con e-child\" data-id=\"361282a\" data-element_type=\"container\" data-e-type=\"container\">\n\t\t<div class=\"elementor-element elementor-element-40a5eb6 e-con-full e-flex e-con e-child\" data-id=\"40a5eb6\" data-element_type=\"container\" data-e-type=\"container\">\n\t\t\t\t<div class=\"elementor-element elementor-element-f8279d1 elementor-hidden-tablet elementor-hidden-mobile elementor-widget elementor-widget-heading\" data-id=\"f8279d1\" data-element_type=\"widget\" data-e-type=\"widget\" data-widget_type=\"heading.default\">\n\t\t\t\t\t<h1 class=\"elementor-heading-title elementor-size-default\">Contact Us<\/h1>\t\t\t\t<\/div>\n\t\t\t\t<div class=\"elementor-element elementor-element-045d697 elementor-hidden-desktop elementor-widget elementor-widget-image\" data-id=\"045d697\" data-element_type=\"widget\" data-e-type=\"widget\" data-widget_type=\"image.default\">\n\t\t\t\t\t\t\t\t\t\t\t\t\t\t\t<img fetchpriority=\"high\" decoding=\"async\" width=\"800\" height=\"450\" src=\"https:\/\/fabric-supplier.com\/wp-content\/uploads\/2025\/10\/Contact-Us-1024x576.jpg\" class=\"attachment-large size-large wp-image-503\" alt=\"Contact Us\" srcset=\"https:\/\/fabric-supplier.com\/wp-content\/uploads\/2025\/10\/Contact-Us-1024x576.jpg 1024w, https:\/\/fabric-supplier.com\/wp-content\/uploads\/2025\/10\/Contact-Us-300x169.jpg 300w, https:\/\/fabric-supplier.com\/wp-content\/uploads\/2025\/10\/Contact-Us-768x432.jpg 768w, https:\/\/fabric-supplier.com\/wp-content\/uploads\/2025\/10\/Contact-Us-1536x864.jpg 1536w, https:\/\/fabric-supplier.com\/wp-content\/uploads\/2025\/10\/Contact-Us.jpg 1920w\" sizes=\"(max-width: 800px) 100vw, 800px\" title=\"\">\t\t\t\t\t\t\t\t\t\t\t\t\t\t\t<\/div>\n\t\t\t\t<div class=\"elementor-element elementor-element-28513da elementor-hidden-desktop elementor-widget elementor-widget-heading\" data-id=\"28513da\" data-element_type=\"widget\" data-e-type=\"widget\" data-widget_type=\"heading.default\">\n\t\t\t\t\t<h2 class=\"elementor-heading-title elementor-size-default\">Contact Us<\/h2>\t\t\t\t<\/div>\n\t\t\t\t<div class=\"elementor-element elementor-element-e8887b6 elementor-widget elementor-widget-text-editor\" data-id=\"e8887b6\" data-element_type=\"widget\" data-e-type=\"widget\" data-widget_type=\"text-editor.default\">\n\t\t\t\t\t\t\t\t\t<p style=\"text-align: left;\" data-start=\"170\" data-end=\"331\"><strong data-start=\"170\" data-end=\"331\">Contact Us today to connect with a trusted fabric supplier. <\/strong><\/p>\n<p style=\"text-align: left;\" data-start=\"170\" data-end=\"331\"><strong data-start=\"170\" data-end=\"331\">Our team is ready to answer inquiries, provide fabric samples, and support your business needs.<\/strong><\/p>\n<p data-start=\"333\" data-end=\"344\">\u00a0<\/p>\t\t\t\t\t\t\t\t<\/div>\n\t\t\t\t<\/div>\n\t\t<div class=\"elementor-element elementor-element-4a26203 e-con-full elementor-hidden-tablet elementor-hidden-mobile e-flex e-con e-child\" data-id=\"4a26203\" data-element_type=\"container\" data-e-type=\"container\" data-settings=\"{&quot;background_background&quot;:&quot;classic&quot;}\">\n\t\t\t\t<div class=\"elementor-element elementor-element-56fdf51 elementor-widget elementor-widget-image\" data-id=\"56fdf51\" data-element_type=\"widget\" data-e-type=\"widget\" data-widget_type=\"image.default\">\n\t\t\t\t\t\t\t\t\t\t\t\t\t\t\t<img fetchpriority=\"high\" decoding=\"async\" width=\"800\" height=\"450\" src=\"https:\/\/fabric-supplier.com\/wp-content\/uploads\/2025\/10\/Contact-Us-1024x576.jpg\" class=\"attachment-large size-large wp-image-503\" alt=\"Contact Us\" srcset=\"https:\/\/fabric-supplier.com\/wp-content\/uploads\/2025\/10\/Contact-Us-1024x576.jpg 1024w, https:\/\/fabric-supplier.com\/wp-content\/uploads\/2025\/10\/Contact-Us-300x169.jpg 300w, https:\/\/fabric-supplier.com\/wp-content\/uploads\/2025\/10\/Contact-Us-768x432.jpg 768w, https:\/\/fabric-supplier.com\/wp-content\/uploads\/2025\/10\/Contact-Us-1536x864.jpg 1536w, https:\/\/fabric-supplier.com\/wp-content\/uploads\/2025\/10\/Contact-Us.jpg 1920w\" sizes=\"(max-width: 800px) 100vw, 800px\" title=\"\">\t\t\t\t\t\t\t\t\t\t\t\t\t\t\t<\/div>\n\t\t\t\t<\/div>\n\t\t\t\t<\/div>\n\t\t<div class=\"elementor-element elementor-element-f37f47d e-con-full e-flex e-con e-child\" data-id=\"f37f47d\" data-element_type=\"container\" data-e-type=\"container\">\n\t\t\t\t<div class=\"elementor-element elementor-element-7ea199b elementor-widget-divider--view-line elementor-widget elementor-widget-divider\" data-id=\"7ea199b\" data-element_type=\"widget\" data-e-type=\"widget\" data-widget_type=\"divider.default\">\n\t\t\t\t\t\t\t<div class=\"elementor-divider\">\n\t\t\t<span class=\"elementor-divider-separator\">\n\t\t\t\t\t\t<\/span>\n\t\t<\/div>\n\t\t\t\t\t\t<\/div>\n\t\t\t\t<\/div>\n\t\t\t\t\t<\/div>\n\t\t\t\t<\/div>\n\t\t<div class=\"elementor-element elementor-element-cfba765 e-flex e-con-boxed e-con e-parent\" data-id=\"cfba765\" data-element_type=\"container\" data-e-type=\"container\">\n\t\t\t\t\t<div class=\"e-con-inner\">\n\t\t<div class=\"elementor-element elementor-element-fbbb31d e-con-full e-flex e-con e-child\" data-id=\"fbbb31d\" data-element_type=\"container\" data-e-type=\"container\">\n\t\t<div class=\"elementor-element elementor-element-e69eab0 e-con-full e-flex e-con e-child\" data-id=\"e69eab0\" data-element_type=\"container\" data-e-type=\"container\">\n\t\t\t\t<div class=\"elementor-element elementor-element-291eea6 elementor-widget elementor-widget-google_maps\" data-id=\"291eea6\" data-element_type=\"widget\" data-e-type=\"widget\" data-widget_type=\"google_maps.default\">\n\t\t\t\t\t\t\t<div class=\"elementor-custom-embed\">\n\t\t\t<iframe loading=\"lazy\"\n\t\t\t\t\tsrc=\"https:\/\/maps.google.com\/maps?q=%E4%B8%AD%E5%9B%BD%EF%BC%8C%E5%B9%BF%E5%B7%9E&#038;t=m&#038;z=10&#038;output=embed&#038;iwloc=near\"\n\t\t\t\t\ttitle=\"\u4e2d\u56fd\uff0c\u5e7f\u5dde\"\n\t\t\t\t\taria-label=\"\u4e2d\u56fd\uff0c\u5e7f\u5dde\"\n\t\t\t><\/iframe>\n\t\t<\/div>\n\t\t\t\t\t\t<\/div>\n\t\t\t\t<\/div>\n\t\t<div class=\"elementor-element elementor-element-bccb9ae e-con-full e-flex e-con e-child\" data-id=\"bccb9ae\" data-element_type=\"container\" data-e-type=\"container\">\n\t\t\t\t<div class=\"elementor-element elementor-element-5fead99 elementor-widget elementor-widget-wpforms\" data-id=\"5fead99\" data-element_type=\"widget\" data-e-type=\"widget\" data-widget_type=\"wpforms.default\">\n\t\t\t\t<div class=\"elementor-widget-container\">\n\t\t\t\t\t<div class=\"wpforms-container wpforms-container-full wpforms-render-modern\" id=\"wpforms-362\"><form id=\"wpforms-form-362\" class=\"wpforms-validate wpforms-form wpforms-ajax-form\" data-formid=\"362\" method=\"post\" enctype=\"multipart\/form-data\" action=\"\/vi\/wp-json\/wp\/v2\/pages\/500\" data-token=\"93fa030776f71647468217d81b0c48fa\" data-token-time=\"1777747296\"><noscript class=\"wpforms-error-noscript\">Vui l\u00f2ng b\u1eadt JavaScript trong tr\u00ecnh duy\u1ec7t c\u1ee7a b\u1ea1n \u0111\u1ec3 ho\u00e0n th\u00e0nh Form n\u00e0y.<\/noscript><div id=\"wpforms-error-noscript\" style=\"display: none;\">Vui l\u00f2ng b\u1eadt JavaScript trong tr\u00ecnh duy\u1ec7t c\u1ee7a b\u1ea1n \u0111\u1ec3 ho\u00e0n th\u00e0nh Form n\u00e0y.<\/div><div class=\"wpforms-field-container\">\t\t<div id=\"wpforms-362-field_4-container\"\n\t\t\tclass=\"wpforms-field wpforms-field-text\"\n\t\t\tdata-field-type=\"text\"\n\t\t\tdata-field-id=\"4\"\n\t\t\t>\n\t\t\t<label class=\"wpforms-field-label\" for=\"wpforms-362-field_4\" >Layout Business Name<\/label>\n\t\t\t<input type=\"text\" id=\"wpforms-362-field_4\" class=\"wpforms-field-medium\" name=\"wpforms[fields][4]\" >\n\t\t<\/div>\n\t\t<div id=\"wpforms-362-field_7-container\" class=\"wpforms-field wpforms-field-layout\" data-field-id=\"7\"><div class=\"wpforms-field-layout-rows wpforms-field-large\"><div class=\"wpforms-layout-row\"><div class=\"wpforms-layout-column wpforms-layout-column-50\"><div id=\"wpforms-362-field_2-container\" class=\"wpforms-field wpforms-field-name\" data-field-id=\"2\"><label class=\"wpforms-field-label\" for=\"wpforms-362-field_2\">Name <span class=\"wpforms-required-label\" aria-hidden=\"true\">*<\/span><\/label><input type=\"text\" id=\"wpforms-362-field_2\" class=\"wpforms-field-small wpforms-field-required\" name=\"wpforms[fields][2]\" aria-errormessage=\"wpforms-362-field_2-error\" required><\/div><\/div><div class=\"wpforms-layout-column wpforms-layout-column-50\"><div id=\"wpforms-362-field_1-container\" class=\"wpforms-field wpforms-field-text\" data-field-id=\"1\"><label class=\"wpforms-field-label\" for=\"wpforms-362-field_1\">Business <span class=\"wpforms-required-label\" aria-hidden=\"true\">*<\/span><\/label><input type=\"text\" id=\"wpforms-362-field_1\" class=\"wpforms-field-small wpforms-field-required\" name=\"wpforms[fields][1]\" aria-errormessage=\"wpforms-362-field_1-error\" required><\/div><\/div><\/div><div class=\"wpforms-layout-row\"><div class=\"wpforms-layout-column wpforms-layout-column-50\"><div id=\"wpforms-362-field_5-container\" class=\"wpforms-field wpforms-field-email\" data-field-id=\"5\"><label class=\"wpforms-field-label\" for=\"wpforms-362-field_5\">Email <span class=\"wpforms-required-label\" aria-hidden=\"true\">*<\/span><\/label><input type=\"email\" id=\"wpforms-362-field_5\" class=\"wpforms-field-small wpforms-field-required\" name=\"wpforms[fields][5]\" spellcheck=\"false\" aria-errormessage=\"wpforms-362-field_5-error\" required><\/div><\/div><div class=\"wpforms-layout-column wpforms-layout-column-50\"><div id=\"wpforms-362-field_6-container\" class=\"wpforms-field wpforms-field-phone\" data-field-id=\"6\"><label class=\"wpforms-field-label\" for=\"wpforms-362-field_6\">Phone <span class=\"wpforms-required-label\" aria-hidden=\"true\">*<\/span><\/label><input type=\"tel\" id=\"wpforms-362-field_6\" class=\"wpforms-field-small wpforms-field-required wpforms-smart-phone-field\" data-rule-smart-phone-field=\"true\" name=\"wpforms[fields][6]\" aria-label=\"Phone\" aria-errormessage=\"wpforms-362-field_6-error\" required><\/div><\/div><\/div><div class=\"wpforms-layout-row\"><div class=\"wpforms-layout-column wpforms-layout-column-50\"><div id=\"wpforms-362-field_8-container\" class=\"wpforms-field wpforms-field-text\" data-field-id=\"8\"><label class=\"wpforms-field-label\" for=\"wpforms-362-field_8\">MOQ<\/label><input type=\"text\" id=\"wpforms-362-field_8\" class=\"wpforms-field-medium\" name=\"wpforms[fields][8]\" placeholder=\"500kg\" aria-errormessage=\"wpforms-362-field_8-error\" ><\/div><\/div><div class=\"wpforms-layout-column wpforms-layout-column-50\"><div id=\"wpforms-362-field_9-container\" class=\"wpforms-field wpforms-field-checkbox wpforms-list-3-columns\" data-field-id=\"9\"><fieldset><legend class=\"wpforms-field-label\">Who Are You <span class=\"wpforms-required-label\" aria-hidden=\"true\">*<\/span><\/legend><ul id=\"wpforms-362-field_9\" class=\"wpforms-field-required\" data-choice-limit=\"1\"><li class=\"choice-1 depth-1\"><input type=\"checkbox\" id=\"wpforms-362-field_9_1\" data-rule-check-limit=\"true\" name=\"wpforms[fields][9][]\" value=\"Garment Factory\" aria-errormessage=\"wpforms-362-field_9_1-error\" required ><label class=\"wpforms-field-label-inline\" for=\"wpforms-362-field_9_1\">Garment Factory<\/label><\/li><li class=\"choice-2 depth-1\"><input type=\"checkbox\" id=\"wpforms-362-field_9_2\" data-rule-check-limit=\"true\" name=\"wpforms[fields][9][]\" value=\"Home Textile Factory\" aria-errormessage=\"wpforms-362-field_9_2-error\" required ><label class=\"wpforms-field-label-inline\" for=\"wpforms-362-field_9_2\">Home Textile Factory<\/label><\/li><li class=\"choice-4 depth-1\"><input type=\"checkbox\" id=\"wpforms-362-field_9_4\" data-rule-check-limit=\"true\" name=\"wpforms[fields][9][]\" value=\"Other\" aria-errormessage=\"wpforms-362-field_9_4-error\" required ><label class=\"wpforms-field-label-inline\" for=\"wpforms-362-field_9_4\">Other<\/label><\/li><\/ul><\/fieldset><\/div><\/div><\/div><\/div><\/div><div id=\"wpforms-362-field_3-container\" class=\"wpforms-field wpforms-field-textarea\" data-field-id=\"3\"><label class=\"wpforms-field-label\" for=\"wpforms-362-field_3\">Message <span class=\"wpforms-required-label\" aria-hidden=\"true\">*<\/span><\/label><textarea id=\"wpforms-362-field_3\" class=\"wpforms-field-medium wpforms-field-required\" name=\"wpforms[fields][3]\" aria-errormessage=\"wpforms-362-field_3-error\" required><\/textarea><\/div><script>\n\t\t\t\t( function() {\n\t\t\t\t\tconst style = document.createElement( 'style' );\n\t\t\t\t\tstyle.appendChild( document.createTextNode( '#wpforms-362-field_4-container { position: absolute !important; overflow: hidden !important; display: inline !important; height: 1px !important; width: 1px !important; z-index: -1000 !important; padding: 0 !important; } #wpforms-362-field_4-container input { visibility: hidden; } #wpforms-conversational-form-page #wpforms-362-field_4-container label { counter-increment: none; }' ) );\n\t\t\t\t\tdocument.head.appendChild( style );\n\t\t\t\t\tdocument.currentScript?.remove();\n\t\t\t\t} )();\n\t\t\t<\/script><\/div><!-- .wpforms-field-container --><div class=\"wpforms-submit-container\" ><input type=\"hidden\" name=\"wpforms[id]\" value=\"362\"><input type=\"hidden\" name=\"page_title\" value=\"\"><input type=\"hidden\" name=\"page_url\" value=\"https:\/\/fabric-supplier.com\/vi\/wp-json\/wp\/v2\/pages\/500\"><input type=\"hidden\" name=\"url_referer\" value=\"\"><button type=\"submit\" name=\"wpforms[submit]\" id=\"wpforms-submit-362\" class=\"wpforms-submit\" data-alt-text=\"Sending...\" data-submit-text=\"Submit\" aria-live=\"assertive\" value=\"wpforms-submit\">Submit<\/button><img decoding=\"async\" src=\"https:\/\/fabric-supplier.com\/wp-content\/plugins\/wpforms\/assets\/images\/submit-spin.svg\" class=\"wpforms-submit-spinner\" style=\"display: none;\" width=\"26\" height=\"26\" alt=\"\u0110ang t\u1ea3i\" title=\"\"><\/div><\/form><\/div>  <!-- .wpforms-container -->\t\t\t\t<\/div>\n\t\t\t\t<\/div>\n\t\t\t\t<\/div>\n\t\t\t\t<\/div>\n\t\t\t\t\t<\/div>\n\t\t\t\t<\/div>\n\t\t\t\t<\/div>\n\t\t","protected":false},"excerpt":{"rendered":"<p>H\u00e3y li\u00ean h\u1ec7 v\u1edbi ch\u00fang t\u00f4i ngay h\u00f4m nay \u0111\u1ec3 k\u1ebft n\u1ed1i v\u1edbi c\u00e1c nh\u00e0 b\u00e1n bu\u00f4n v\u1ea3i uy t\u00edn. \u0110\u1ed9i ng\u0169 c\u1ee7a ch\u00fang t\u00f4i lu\u00f4n s\u1eb5n s\u00e0ng gi\u1ea3i \u0111\u00e1p th\u1eafc m\u1eafc, cung c\u1ea5p m\u1eabu v\u1ea3i v\u00e0 h\u1ed7 tr\u1ee3 nhu c\u1ea7u kinh doanh c\u1ee7a b\u1ea1n.<\/p>","protected":false},"author":1,"featured_media":501,"parent":0,"menu_order":0,"comment_status":"closed","ping_status":"closed","template":"","meta":{"footnotes":""},"class_list":["post-500","page","type-page","status-publish","has-post-thumbnail","hentry"],"_links":{"self":[{"href":"https:\/\/fabric-supplier.com\/vi\/wp-json\/wp\/v2\/pages\/500","targetHints":{"allow":["GET"]}}],"collection":[{"href":"https:\/\/fabric-supplier.com\/vi\/wp-json\/wp\/v2\/pages"}],"about":[{"href":"https:\/\/fabric-supplier.com\/vi\/wp-json\/wp\/v2\/types\/page"}],"author":[{"embeddable":true,"href":"https:\/\/fabric-supplier.com\/vi\/wp-json\/wp\/v2\/users\/1"}],"replies":[{"embeddable":true,"href":"https:\/\/fabric-supplier.com\/vi\/wp-json\/wp\/v2\/comments?post=500"}],"version-history":[{"count":0,"href":"https:\/\/fabric-supplier.com\/vi\/wp-json\/wp\/v2\/pages\/500\/revisions"}],"wp:featuredmedia":[{"embeddable":true,"href":"https:\/\/fabric-supplier.com\/vi\/wp-json\/wp\/v2\/media\/501"}],"wp:attachment":[{"href":"https:\/\/fabric-supplier.com\/vi\/wp-json\/wp\/v2\/media?parent=500"}],"curies":[{"name":"wp","href":"https:\/\/api.w.org\/{rel}","templated":true}]}}